{"id":4952,"date":"2024-12-31T20:07:25","date_gmt":"2024-12-31T20:07:25","guid":{"rendered":"https:\/\/storetest.ivi.ee\/product\/box-for-desserts-12-10-6-double-sided\/"},"modified":"2026-04-01T13:05:05","modified_gmt":"2026-04-01T11:05:05","slug":"desertu-kaste-12-10-6-divpuseja","status":"publish","type":"product","link":"https:\/\/candeebaar.ee\/lv\/veikals\/desertu-kaste-12-10-6-divpuseja\/","title":{"rendered":"Desertu kaste 12 10 6 divpus\u0113ja"},"content":{"rendered":"<p>Kaste ir piem\u0113rota konditorejas izstr\u0101d\u0101jumiem un nelieliem desertiem.<\/p>\n<p>Materi\u0101ls: kartons<br \/>\nIzm\u0113ri: 12 x 10 x 6 cm<br \/>\nKr\u0101sa: kraft, balta<\/p>","protected":false},"excerpt":{"rendered":"<p>Kaste ir piem\u0113rota konditorejas izstr\u0101d\u0101jumiem un nelieliem desertiem. Materi\u0101ls: kartons. Izm\u0113ri: 12 x 10 x 6 cm. Kr\u0101sa: br\u016bns, balta.<\/p>","protected":false},"featured_media":4954,"template":"","meta":{"_seopress_robots_primary_cat":"","_seopress_titles_title":"","_seopress_titles_desc":"","_seopress_robots_index":""},"product_brand":[],"product_cat":[15,154],"product_tag":[],"class_list":{"0":"post-4952","1":"product","2":"type-product","3":"status-publish","4":"has-post-thumbnail","6":"product_cat-all-products","7":"product_cat-different-style","9":"first","10":"instock","11":"taxable","12":"shipping-taxable","13":"purchasable","14":"product-type-simple"},"_links":{"self":[{"href":"https:\/\/candeebaar.ee\/lv\/wp-json\/wp\/v2\/product\/4952","targetHints":{"allow":["GET"]}}],"collection":[{"href":"https:\/\/candeebaar.ee\/lv\/wp-json\/wp\/v2\/product"}],"about":[{"href":"https:\/\/candeebaar.ee\/lv\/wp-json\/wp\/v2\/types\/product"}],"version-history":[{"count":1,"href":"https:\/\/candeebaar.ee\/lv\/wp-json\/wp\/v2\/product\/4952\/revisions"}],"predecessor-version":[{"id":4953,"href":"https:\/\/candeebaar.ee\/lv\/wp-json\/wp\/v2\/product\/4952\/revisions\/4953"}],"wp:featuredmedia":[{"embeddable":true,"href":"https:\/\/candeebaar.ee\/lv\/wp-json\/wp\/v2\/media\/4954"}],"wp:attachment":[{"href":"https:\/\/candeebaar.ee\/lv\/wp-json\/wp\/v2\/media?parent=4952"}],"wp:term":[{"taxonomy":"product_brand","embeddable":true,"href":"https:\/\/candeebaar.ee\/lv\/wp-json\/wp\/v2\/product_brand?post=4952"},{"taxonomy":"product_cat","embeddable":true,"href":"https:\/\/candeebaar.ee\/lv\/wp-json\/wp\/v2\/product_cat?post=4952"},{"taxonomy":"product_tag","embeddable":true,"href":"https:\/\/candeebaar.ee\/lv\/wp-json\/wp\/v2\/product_tag?post=4952"}],"curies":[{"name":"wp","href":"https:\/\/api.w.org\/{rel}","templated":true}]}}