{"id":4955,"date":"2024-12-31T20:07:25","date_gmt":"2024-12-31T20:07:25","guid":{"rendered":"https:\/\/storetest.ivi.ee\/product\/box-for-desserts-18-18-10-double-sided\/"},"modified":"2026-04-19T07:31:07","modified_gmt":"2026-04-19T05:31:07","slug":"desertu-kaste-18-18-10-divpuseja","status":"publish","type":"product","link":"https:\/\/candeebaar.ee\/lv\/veikals\/desertu-kaste-18-18-10-divpuseja\/","title":{"rendered":"Kast\u012bte desertiem 18 18 10 abpus\u0113ja"},"content":{"rendered":"<p>Kast\u012bte piem\u0113rota konditorejas izstr\u0101d\u0101jumiem un maz\u0101m k\u016bk\u0101m.<\/p>\n<p>Materi\u0101ls: kartons<br \/>\nIzm\u0113ri: 18x18x10 cm<br \/>\nKr\u0101sa: kraft, balta<\/p>","protected":false},"excerpt":{"rendered":"<p>Kast\u012bte piem\u0113rota konditorejas izstr\u0101d\u0101jumiem un maz\u0101m k\u016bk\u0101m. Materi\u0101ls: kartons Izm\u0113ri: 18x18x10cm Kr\u0101sa: kraft, balta<\/p>","protected":false},"featured_media":4957,"template":"","meta":{"_seopress_robots_primary_cat":"none","_seopress_titles_title":"","_seopress_titles_desc":"","_seopress_robots_index":""},"product_brand":[],"product_cat":[15,133],"product_tag":[],"class_list":{"0":"post-4955","1":"product","2":"type-product","3":"status-publish","4":"has-post-thumbnail","6":"product_cat-all-products","7":"product_cat-18cm-base","9":"first","10":"outofstock","11":"taxable","12":"shipping-taxable","13":"purchasable","14":"product-type-simple"},"_links":{"self":[{"href":"https:\/\/candeebaar.ee\/lv\/wp-json\/wp\/v2\/product\/4955","targetHints":{"allow":["GET"]}}],"collection":[{"href":"https:\/\/candeebaar.ee\/lv\/wp-json\/wp\/v2\/product"}],"about":[{"href":"https:\/\/candeebaar.ee\/lv\/wp-json\/wp\/v2\/types\/product"}],"version-history":[{"count":1,"href":"https:\/\/candeebaar.ee\/lv\/wp-json\/wp\/v2\/product\/4955\/revisions"}],"predecessor-version":[{"id":4956,"href":"https:\/\/candeebaar.ee\/lv\/wp-json\/wp\/v2\/product\/4955\/revisions\/4956"}],"wp:featuredmedia":[{"embeddable":true,"href":"https:\/\/candeebaar.ee\/lv\/wp-json\/wp\/v2\/media\/4957"}],"wp:attachment":[{"href":"https:\/\/candeebaar.ee\/lv\/wp-json\/wp\/v2\/media?parent=4955"}],"wp:term":[{"taxonomy":"product_brand","embeddable":true,"href":"https:\/\/candeebaar.ee\/lv\/wp-json\/wp\/v2\/product_brand?post=4955"},{"taxonomy":"product_cat","embeddable":true,"href":"https:\/\/candeebaar.ee\/lv\/wp-json\/wp\/v2\/product_cat?post=4955"},{"taxonomy":"product_tag","embeddable":true,"href":"https:\/\/candeebaar.ee\/lv\/wp-json\/wp\/v2\/product_tag?post=4955"}],"curies":[{"name":"wp","href":"https:\/\/api.w.org\/{rel}","templated":true}]}}