{"id":4958,"date":"2024-12-31T20:07:25","date_gmt":"2024-12-31T20:07:25","guid":{"rendered":"https:\/\/storetest.ivi.ee\/product\/gift-card-20e\/"},"modified":"2024-12-31T20:07:35","modified_gmt":"2024-12-31T20:07:35","slug":"davanu-karte-20e","status":"publish","type":"product","link":"https:\/\/candeebaar.ee\/lv\/veikals\/davanu-karte-20e\/","title":{"rendered":"D\u0101vanu karte 20\u20ac"},"content":{"rendered":"<p>D\u0101vanu karte iepirk\u0161an\u0101s m\u016bsu veikal\u0101.<br \/>\n M\u016bsu veikals nodro\u0161ina d\u0101vanu kar\u0161u pakalpojumu, ar iesp\u0113ju izmantot gan digit\u0101lo, gan fizisko versiju. Katrai kartei tiek pie\u0161\u0137irts unik\u0101ls numurs, kas j\u0101ievada p\u0113rkot pas\u016bt\u012bjuma koment\u0101ros. Ieg\u0101d\u0101joties d\u0101vanu karti, l\u016bdzu, nor\u0101diet, k\u0101du kartes variantu v\u0113laties sa\u0146emt. V\u0113lams karti izmantot vien\u0101 dar\u012bjum\u0101. Kartes der\u012bguma termi\u0146\u0161 ir 1 gads.<\/p>","protected":false},"excerpt":{"rendered":"<p>D\u0101vanu karte iepirk\u0161an\u0101s m\u016bsu veikal\u0101. M\u016bsu veikals nodro\u0161ina d\u0101vanu kar\u0161u pakalpojumu, ar iesp\u0113ju izmantot gan digit\u0101lo, gan fizisko versiju. Katrai kartei tiek pie\u0161\u0137irts unik\u0101ls numurs, kas j\u0101ievada p\u0113rkot pas\u016bt\u012bjuma koment\u0101ros. Ieg\u0101d\u0101joties d\u0101vanu karti, l\u016bdzu, nor\u0101diet, kuru kartes iesp\u0113ju v\u0113laties [\u2026]<\/p>","protected":false},"featured_media":4960,"template":"","meta":{"_seopress_robots_primary_cat":"","_seopress_titles_title":"","_seopress_titles_desc":"","_seopress_robots_index":""},"product_brand":[],"product_cat":[15],"product_tag":[],"class_list":{"0":"post-4958","1":"product","2":"type-product","3":"status-publish","4":"has-post-thumbnail","6":"product_cat-all-products","8":"first","9":"instock","10":"taxable","11":"shipping-taxable","12":"purchasable","13":"product-type-simple"},"_links":{"self":[{"href":"https:\/\/candeebaar.ee\/lv\/wp-json\/wp\/v2\/product\/4958","targetHints":{"allow":["GET"]}}],"collection":[{"href":"https:\/\/candeebaar.ee\/lv\/wp-json\/wp\/v2\/product"}],"about":[{"href":"https:\/\/candeebaar.ee\/lv\/wp-json\/wp\/v2\/types\/product"}],"version-history":[{"count":1,"href":"https:\/\/candeebaar.ee\/lv\/wp-json\/wp\/v2\/product\/4958\/revisions"}],"predecessor-version":[{"id":4959,"href":"https:\/\/candeebaar.ee\/lv\/wp-json\/wp\/v2\/product\/4958\/revisions\/4959"}],"wp:featuredmedia":[{"embeddable":true,"href":"https:\/\/candeebaar.ee\/lv\/wp-json\/wp\/v2\/media\/4960"}],"wp:attachment":[{"href":"https:\/\/candeebaar.ee\/lv\/wp-json\/wp\/v2\/media?parent=4958"}],"wp:term":[{"taxonomy":"product_brand","embeddable":true,"href":"https:\/\/candeebaar.ee\/lv\/wp-json\/wp\/v2\/product_brand?post=4958"},{"taxonomy":"product_cat","embeddable":true,"href":"https:\/\/candeebaar.ee\/lv\/wp-json\/wp\/v2\/product_cat?post=4958"},{"taxonomy":"product_tag","embeddable":true,"href":"https:\/\/candeebaar.ee\/lv\/wp-json\/wp\/v2\/product_tag?post=4958"}],"curies":[{"name":"wp","href":"https:\/\/api.w.org\/{rel}","templated":true}]}}