{"id":4965,"date":"2024-12-31T20:07:25","date_gmt":"2024-12-31T20:07:25","guid":{"rendered":"https:\/\/storetest.ivi.ee\/product\/callebaut-chocolate-power-80-400g\/"},"modified":"2025-04-22T09:10:54","modified_gmt":"2025-04-22T07:10:54","slug":"callebaut-sokolades-jauda-80-400g","status":"publish","type":"product","link":"https:\/\/candeebaar.ee\/lv\/veikals\/callebaut-sokolades-jauda-80-400g\/","title":{"rendered":"Callebaut Chocolate Power 80% 400g"},"content":{"rendered":"<p>R\u016bgt\u0101 Callebaut \u0161okol\u0101de.<br \/>\nKakao saturs 80%.<br \/>\nSast\u0101vda\u013cas: kakao masa, cukurs, kakao pulveris ar samazin\u0101tu tauku saturu, emulgators: lecit\u012bns (<strong>sojas<\/strong>), dab\u012bgs vani\u013cas aromatiz\u0113t\u0101js.<br \/>\nMasa: 400g<\/p>\n<table style=\"height: 160px; width: 409px;\" width=\"409\">\n<tbody>\n<tr>\n<td style=\"width: 244px;\">Saturs per<\/td>\n<td style=\"width: 150.4px;\">100g<\/td>\n<\/tr>\n<tr>\n<td style=\"width: 244px;\">Uzturv\u0113rt\u012bba<\/td>\n<td style=\"width: 150.4px;\">561 kcal 2374 kJ<\/td>\n<\/tr>\n<tr>\n<td style=\"width: 244px;\">Tauki (no tiem pies\u0101tin\u0101tie)<\/td>\n<td style=\"width: 150.4px;\">45\u00a0g (27\u00a0g)<\/td>\n<\/tr>\n<tr>\n<td style=\"width: 244px;\">Og\u013chidr\u0101ti (cukurs)<\/td>\n<td style=\"width: 150.4px;\">21\u00a0g (16\u00a0g)<\/td>\n<\/tr>\n<tr>\n<td style=\"width: 244px;\">Olbaltumvielas<\/td>\n<td style=\"width: 150.4px;\">10g<\/td>\n<\/tr>\n<tr>\n<td style=\"width: 244px;\">S\u0101ls<\/td>\n<td style=\"width: 150.4px;\">0,02 g<\/td>\n<\/tr>\n<\/tbody>\n<\/table>\n<p>Uzglab\u0101\u0161anas temperat\u016bra: <strong>12 \u2013 20 \u00b0C<br \/>\n<\/strong>Var satur\u0113t <strong>pienu.<\/strong><br \/>\nRa\u017eot\u0101js: CALLEBAUT Belgium.<br \/>\nLai ieg\u016btu vair\u0101k inform\u0101cijas, apmekl\u0113jiet <a href=\"https:\/\/www.callebaut.com\/\">callebaut.com<\/a> J\u016bs varat atkl\u0101t daudzas jaunas receptes un iepaz\u012bties ar vi\u0146u produktiem.<\/p>\n<p>&nbsp;<\/p>","protected":false},"excerpt":{"rendered":"<p>R\u016bgt\u0101 Callebaut \u0161okol\u0101de. Kakao saturs 80%. Sast\u0101vda\u013cas: kakao masa, cukurs, kakao pulveris ar samazin\u0101tu tauku saturu, emulgators: lecit\u012bns (sojas), dab\u012bgs vani\u013cas aromatiz\u0113t\u0101js. Masa: 400g Saturs uz 100g Uzturv\u0113rt\u012bba 561 kcal 2374 kJ Tauki (no tiem pies\u0101tin\u0101tie) 45g (27g) Og\u013chidr\u0101ti (cukurs) 21g (16g) Olbaltumvielas 10g S\u0101ls 0.02g Uzglab\u0101\u0161anas temperat\u016bra: 12 \u2013 20 \u00b0C Var satur\u0113t pienu. Ra\u017eot\u0101js: [\u2026]<\/p>","protected":false},"featured_media":4967,"template":"","meta":{"_seopress_robots_primary_cat":"none","_seopress_titles_title":"","_seopress_titles_desc":"","_seopress_robots_index":""},"product_brand":[],"product_cat":[15,110],"product_tag":[],"class_list":{"0":"post-4965","1":"product","2":"type-product","3":"status-publish","4":"has-post-thumbnail","6":"product_cat-all-products","7":"product_cat-callebaut","8":"brand-callebaut","10":"first","11":"instock","12":"taxable","13":"shipping-taxable","14":"purchasable","15":"product-type-simple"},"_links":{"self":[{"href":"https:\/\/candeebaar.ee\/lv\/wp-json\/wp\/v2\/product\/4965","targetHints":{"allow":["GET"]}}],"collection":[{"href":"https:\/\/candeebaar.ee\/lv\/wp-json\/wp\/v2\/product"}],"about":[{"href":"https:\/\/candeebaar.ee\/lv\/wp-json\/wp\/v2\/types\/product"}],"version-history":[{"count":3,"href":"https:\/\/candeebaar.ee\/lv\/wp-json\/wp\/v2\/product\/4965\/revisions"}],"predecessor-version":[{"id":11916,"href":"https:\/\/candeebaar.ee\/lv\/wp-json\/wp\/v2\/product\/4965\/revisions\/11916"}],"wp:featuredmedia":[{"embeddable":true,"href":"https:\/\/candeebaar.ee\/lv\/wp-json\/wp\/v2\/media\/4967"}],"wp:attachment":[{"href":"https:\/\/candeebaar.ee\/lv\/wp-json\/wp\/v2\/media?parent=4965"}],"wp:term":[{"taxonomy":"product_brand","embeddable":true,"href":"https:\/\/candeebaar.ee\/lv\/wp-json\/wp\/v2\/product_brand?post=4965"},{"taxonomy":"product_cat","embeddable":true,"href":"https:\/\/candeebaar.ee\/lv\/wp-json\/wp\/v2\/product_cat?post=4965"},{"taxonomy":"product_tag","embeddable":true,"href":"https:\/\/candeebaar.ee\/lv\/wp-json\/wp\/v2\/product_tag?post=4965"}],"curies":[{"name":"wp","href":"https:\/\/api.w.org\/{rel}","templated":true}]}}