{"id":4974,"date":"2024-12-31T20:07:40","date_gmt":"2024-12-31T20:07:40","guid":{"rendered":"https:\/\/storetest.ivi.ee\/product\/callebaut-orange-chocolate-29-200g\/"},"modified":"2025-12-16T09:54:08","modified_gmt":"2025-12-16T07:54:08","slug":"callebaut-apelsinu-sokolade-29-200g","status":"publish","type":"product","link":"https:\/\/candeebaar.ee\/lv\/veikals\/callebaut-apelsinu-sokolade-29-200g\/","title":{"rendered":"Callebaut Orange Chocolate 29% 200g"},"content":{"rendered":"<p>Callebaut apels\u012bnu \u0161okol\u0101de. Izgatavots no balt\u0101s \u0161okol\u0101des ar apels\u012bnu gar\u0161u.<br \/>\nKr\u0101sa: oran\u017ea<br \/>\nKakao saturs 29%.<br \/>\n200g<\/p>\n<table style=\"height: 138px; width: 409px;\" width=\"409\">\n<tbody>\n<tr style=\"height: 23px;\">\n<td style=\"width: 244px; height: 23px;\">Saturs per<\/td>\n<td style=\"width: 150.4px; height: 23px;\">100g<\/td>\n<\/tr>\n<tr style=\"height: 23px;\">\n<td style=\"width: 244px; height: 23px;\">Uzturv\u0113rt\u012bba<\/td>\n<td style=\"width: 150.4px; height: 23px;\">566 kcal 2370 kJ<\/td>\n<\/tr>\n<tr style=\"height: 23px;\">\n<td style=\"width: 244px; height: 23px;\">Tauki (no tiem pies\u0101tin\u0101tie)<\/td>\n<td style=\"width: 150.4px; height: 23px;\">35\u00a0g (21\u00a0g)<\/td>\n<\/tr>\n<tr style=\"height: 23px;\">\n<td style=\"width: 244px; height: 23px;\">Og\u013chidr\u0101ti (cukurs)<\/td>\n<td style=\"width: 150.4px; height: 23px;\">56\u00a0g (55\u00a0g)<\/td>\n<\/tr>\n<tr style=\"height: 23px;\">\n<td style=\"width: 244px; height: 23px;\">Olbaltumvielas<\/td>\n<td style=\"width: 150.4px; height: 23px;\">6,1\u00a0g<\/td>\n<\/tr>\n<tr style=\"height: 23px;\">\n<td style=\"width: 244px; height: 23px;\">S\u0101ls<\/td>\n<td style=\"width: 150.4px; height: 23px;\">0,22 g<\/td>\n<\/tr>\n<\/tbody>\n<\/table>\n<p>&nbsp;<\/p>\n<p>Sast\u0101vs: kakao sviests 29%, cukurs, sauss <strong>pienu<\/strong>, emulgators (<strong>sojas<\/strong> lecit\u012bns), dab\u012bgs aromatiz\u0113t\u0101js (apels\u012bns), dab\u012bgs aromatiz\u0113t\u0101js (vanil\u012bns), kr\u0101svielas E160e, s\u0101ls.<br \/>\nUzglab\u0101\u0161anas temperat\u016bra: <strong>12 \u2013 20 \u00b0C<br \/>\n<\/strong>Ra\u017eot\u0101js: CALLEBAUT Belgium.<br \/>\nTurkl\u0101t vietn\u0113 varat atrast daudzas jaunas receptes un iepaz\u012bties ar vi\u0146u produktiem <a href=\"https:\/\/www.callebaut.com\/\">callebaut.com<\/a>.<\/p>\n<p>&nbsp;<\/p>","protected":false},"excerpt":{"rendered":"<p>Callebaut apels\u012bnu \u0161okol\u0101de. Izgatavots no balt\u0101s \u0161okol\u0101des ar apels\u012bnu gar\u0161u. Kr\u0101sa: oran\u017ea Kakao saturs 29%. 200g Saturs uz 100g Uzturv\u0113rt\u012bba 566 kcal 2370 kJ Tauki (no tiem pies\u0101tin\u0101tie) 35g (21g) Og\u013chidr\u0101ti (cukurs) 56g (55g) Olbaltumvielas 6.1g S\u0101ls 0.22g Sast\u0101vs: kakao sviests 291TP3, emulsija , dabisks aromatiz\u0113t\u0101js (apels\u012bns), dab\u012bgs aromatiz\u0113t\u0101js [\u2026]<\/p>","protected":false},"featured_media":4976,"template":"","meta":{"_seopress_robots_primary_cat":"none","_seopress_titles_title":"","_seopress_titles_desc":"","_seopress_robots_index":""},"product_brand":[],"product_cat":[15,110],"product_tag":[],"class_list":{"0":"post-4974","1":"product","2":"type-product","3":"status-publish","4":"has-post-thumbnail","6":"product_cat-all-products","7":"product_cat-callebaut","8":"brand-callebaut","10":"first","11":"instock","12":"taxable","13":"shipping-taxable","14":"purchasable","15":"product-type-simple"},"_links":{"self":[{"href":"https:\/\/candeebaar.ee\/lv\/wp-json\/wp\/v2\/product\/4974","targetHints":{"allow":["GET"]}}],"collection":[{"href":"https:\/\/candeebaar.ee\/lv\/wp-json\/wp\/v2\/product"}],"about":[{"href":"https:\/\/candeebaar.ee\/lv\/wp-json\/wp\/v2\/types\/product"}],"version-history":[{"count":2,"href":"https:\/\/candeebaar.ee\/lv\/wp-json\/wp\/v2\/product\/4974\/revisions"}],"predecessor-version":[{"id":9976,"href":"https:\/\/candeebaar.ee\/lv\/wp-json\/wp\/v2\/product\/4974\/revisions\/9976"}],"wp:featuredmedia":[{"embeddable":true,"href":"https:\/\/candeebaar.ee\/lv\/wp-json\/wp\/v2\/media\/4976"}],"wp:attachment":[{"href":"https:\/\/candeebaar.ee\/lv\/wp-json\/wp\/v2\/media?parent=4974"}],"wp:term":[{"taxonomy":"product_brand","embeddable":true,"href":"https:\/\/candeebaar.ee\/lv\/wp-json\/wp\/v2\/product_brand?post=4974"},{"taxonomy":"product_cat","embeddable":true,"href":"https:\/\/candeebaar.ee\/lv\/wp-json\/wp\/v2\/product_cat?post=4974"},{"taxonomy":"product_tag","embeddable":true,"href":"https:\/\/candeebaar.ee\/lv\/wp-json\/wp\/v2\/product_tag?post=4974"}],"curies":[{"name":"wp","href":"https:\/\/api.w.org\/{rel}","templated":true}]}}