{"id":4987,"date":"2024-12-31T20:07:40","date_gmt":"2024-12-31T20:07:40","guid":{"rendered":"https:\/\/storetest.ivi.ee\/product\/dessert-base-80mm-gold\/"},"modified":"2026-02-07T22:32:38","modified_gmt":"2026-02-07T20:32:38","slug":"deserta-pamatne-80mm-zelta","status":"publish","type":"product","link":"https:\/\/candeebaar.ee\/lv\/veikals\/deserta-pamatne-80mm-zelta\/","title":{"rendered":"Deserta pamatne 80mm zelta"},"content":{"rendered":"<p>Maza pamatne ar rokturi porciju desertiem.<br \/>\nIzm\u0113rs: \u00d880mm x 1mm<br \/>\nMateri\u0101ls: kartons<\/p>","protected":false},"excerpt":{"rendered":"<p>Maza pamatne ar rokturi porciju desertiem. Izm\u0113rs: \u00d880mm x 1mm Materi\u0101ls: kartons<\/p>","protected":false},"featured_media":4989,"template":"","meta":{"_seopress_robots_primary_cat":"","_seopress_titles_title":"","_seopress_titles_desc":"","_seopress_robots_index":""},"product_brand":[],"product_cat":[15,139],"product_tag":[],"class_list":{"0":"post-4987","1":"product","2":"type-product","3":"status-publish","4":"has-post-thumbnail","6":"product_cat-all-products","7":"product_cat-small-size","9":"first","10":"instock","11":"taxable","12":"shipping-taxable","13":"purchasable","14":"product-type-simple"},"_links":{"self":[{"href":"https:\/\/candeebaar.ee\/lv\/wp-json\/wp\/v2\/product\/4987","targetHints":{"allow":["GET"]}}],"collection":[{"href":"https:\/\/candeebaar.ee\/lv\/wp-json\/wp\/v2\/product"}],"about":[{"href":"https:\/\/candeebaar.ee\/lv\/wp-json\/wp\/v2\/types\/product"}],"version-history":[{"count":1,"href":"https:\/\/candeebaar.ee\/lv\/wp-json\/wp\/v2\/product\/4987\/revisions"}],"predecessor-version":[{"id":4988,"href":"https:\/\/candeebaar.ee\/lv\/wp-json\/wp\/v2\/product\/4987\/revisions\/4988"}],"wp:featuredmedia":[{"embeddable":true,"href":"https:\/\/candeebaar.ee\/lv\/wp-json\/wp\/v2\/media\/4989"}],"wp:attachment":[{"href":"https:\/\/candeebaar.ee\/lv\/wp-json\/wp\/v2\/media?parent=4987"}],"wp:term":[{"taxonomy":"product_brand","embeddable":true,"href":"https:\/\/candeebaar.ee\/lv\/wp-json\/wp\/v2\/product_brand?post=4987"},{"taxonomy":"product_cat","embeddable":true,"href":"https:\/\/candeebaar.ee\/lv\/wp-json\/wp\/v2\/product_cat?post=4987"},{"taxonomy":"product_tag","embeddable":true,"href":"https:\/\/candeebaar.ee\/lv\/wp-json\/wp\/v2\/product_tag?post=4987"}],"curies":[{"name":"wp","href":"https:\/\/api.w.org\/{rel}","templated":true}]}}