{"id":4990,"date":"2024-12-31T20:07:40","date_gmt":"2024-12-31T20:07:40","guid":{"rendered":"https:\/\/storetest.ivi.ee\/product\/base-180x1mm\/"},"modified":"2025-01-04T13:34:53","modified_gmt":"2025-01-04T11:34:53","slug":"pamatne-180x1mm","status":"publish","type":"product","link":"https:\/\/candeebaar.ee\/lv\/veikals\/pamatne-180x1mm\/","title":{"rendered":"K\u016bkas d\u0113lis 180x1mm"},"content":{"rendered":"<p>Pamatne no mitrumiztur\u012bga kartona.<br \/>\nNepiecie\u0161ams pareizai desertu uzglab\u0101\u0161anai, transport\u0113\u0161anai un pasnieg\u0161anai.<br \/>\nPiem\u0113rots mini k\u016bk\u0101m un lieliem konditorejas izstr\u0101d\u0101jumiem.<br \/>\nBiezums: 1mm<br \/>\nDiametrs: 180 mm<br \/>\nKr\u0101sa: zelta<\/p>","protected":false},"excerpt":{"rendered":"<p>Pamatne izgatavota no mitrumiztur\u012bga kartona. Nepiecie\u0161ama desertu pareizai uzglab\u0101\u0161anai, transport\u0113\u0161anai un pasnieg\u0161anai. Piem\u0113rota mini k\u016bk\u0101m un lieliem konditorejas izstr\u0101d\u0101jumiem. Biezums: 1 mm Diametrs: 180 mm Kr\u0101sa: zelta<\/p>","protected":false},"featured_media":0,"template":"","meta":{"_seopress_robots_primary_cat":"","_seopress_titles_title":"","_seopress_titles_desc":"","_seopress_robots_index":""},"product_brand":[],"product_cat":[15,140],"product_tag":[],"class_list":{"0":"post-4990","1":"product","2":"type-product","3":"status-publish","5":"product_cat-all-products","6":"product_cat-18cm","8":"first","9":"outofstock","10":"taxable","11":"shipping-taxable","12":"purchasable","13":"product-type-simple"},"_links":{"self":[{"href":"https:\/\/candeebaar.ee\/lv\/wp-json\/wp\/v2\/product\/4990","targetHints":{"allow":["GET"]}}],"collection":[{"href":"https:\/\/candeebaar.ee\/lv\/wp-json\/wp\/v2\/product"}],"about":[{"href":"https:\/\/candeebaar.ee\/lv\/wp-json\/wp\/v2\/types\/product"}],"version-history":[{"count":2,"href":"https:\/\/candeebaar.ee\/lv\/wp-json\/wp\/v2\/product\/4990\/revisions"}],"predecessor-version":[{"id":9155,"href":"https:\/\/candeebaar.ee\/lv\/wp-json\/wp\/v2\/product\/4990\/revisions\/9155"}],"wp:attachment":[{"href":"https:\/\/candeebaar.ee\/lv\/wp-json\/wp\/v2\/media?parent=4990"}],"wp:term":[{"taxonomy":"product_brand","embeddable":true,"href":"https:\/\/candeebaar.ee\/lv\/wp-json\/wp\/v2\/product_brand?post=4990"},{"taxonomy":"product_cat","embeddable":true,"href":"https:\/\/candeebaar.ee\/lv\/wp-json\/wp\/v2\/product_cat?post=4990"},{"taxonomy":"product_tag","embeddable":true,"href":"https:\/\/candeebaar.ee\/lv\/wp-json\/wp\/v2\/product_tag?post=4990"}],"curies":[{"name":"wp","href":"https:\/\/api.w.org\/{rel}","templated":true}]}}