{"id":4994,"date":"2024-12-31T20:07:40","date_gmt":"2024-12-31T20:07:40","guid":{"rendered":"https:\/\/storetest.ivi.ee\/product\/base-240x1mm-gold\/"},"modified":"2025-04-02T11:23:22","modified_gmt":"2025-04-02T09:23:22","slug":"pamatne-240x1mm-zelta-krasa","status":"publish","type":"product","link":"https:\/\/candeebaar.ee\/lv\/veikals\/pamatne-240x1mm-zelta-krasa\/","title":{"rendered":"K\u016bku d\u0113lis 240x1mm zelts"},"content":{"rendered":"<p>Pamatne ir izgatavota no mitrumiztur\u012bga kartona un ir abpus\u0113ja.<br \/>\nTas ir nepiecie\u0161ams pareizai desertu uzglab\u0101\u0161anai, transport\u0113\u0161anai un pasnieg\u0161anai.<br \/>\nPiem\u0113rots mini k\u016bk\u0101m un lieliem konditorejas izstr\u0101d\u0101jumiem.<br \/>\nBiezums 1mm<br \/>\nDiametrs 240mm<br \/>\nKr\u0101sa: zelta<\/p>","protected":false},"excerpt":{"rendered":"<p>Pamatne ir izgatavota no mitrumiztur\u012bga kartona un ir abpus\u0113ja. Tas ir nepiecie\u0161ams pareizai desertu uzglab\u0101\u0161anai, transport\u0113\u0161anai un pasnieg\u0161anai. Piem\u0113rots mini k\u016bk\u0101m un lieliem konditorejas izstr\u0101d\u0101jumiem. Biezums 1mm Diametrs 240mm Kr\u0101sa: zelts<\/p>","protected":false},"featured_media":0,"template":"","meta":{"_seopress_robots_primary_cat":"","_seopress_titles_title":"","_seopress_titles_desc":"","_seopress_robots_index":""},"product_brand":[],"product_cat":[15,143],"product_tag":[],"class_list":{"0":"post-4994","1":"product","2":"type-product","3":"status-publish","5":"product_cat-all-products","6":"product_cat-24cm","8":"first","9":"outofstock","10":"taxable","11":"shipping-taxable","12":"purchasable","13":"product-type-simple"},"_links":{"self":[{"href":"https:\/\/candeebaar.ee\/lv\/wp-json\/wp\/v2\/product\/4994","targetHints":{"allow":["GET"]}}],"collection":[{"href":"https:\/\/candeebaar.ee\/lv\/wp-json\/wp\/v2\/product"}],"about":[{"href":"https:\/\/candeebaar.ee\/lv\/wp-json\/wp\/v2\/types\/product"}],"version-history":[{"count":2,"href":"https:\/\/candeebaar.ee\/lv\/wp-json\/wp\/v2\/product\/4994\/revisions"}],"predecessor-version":[{"id":9154,"href":"https:\/\/candeebaar.ee\/lv\/wp-json\/wp\/v2\/product\/4994\/revisions\/9154"}],"wp:attachment":[{"href":"https:\/\/candeebaar.ee\/lv\/wp-json\/wp\/v2\/media?parent=4994"}],"wp:term":[{"taxonomy":"product_brand","embeddable":true,"href":"https:\/\/candeebaar.ee\/lv\/wp-json\/wp\/v2\/product_brand?post=4994"},{"taxonomy":"product_cat","embeddable":true,"href":"https:\/\/candeebaar.ee\/lv\/wp-json\/wp\/v2\/product_cat?post=4994"},{"taxonomy":"product_tag","embeddable":true,"href":"https:\/\/candeebaar.ee\/lv\/wp-json\/wp\/v2\/product_tag?post=4994"}],"curies":[{"name":"wp","href":"https:\/\/api.w.org\/{rel}","templated":true}]}}