{"id":5002,"date":"2024-12-31T20:07:40","date_gmt":"2024-12-31T20:07:40","guid":{"rendered":"https:\/\/storetest.ivi.ee\/product\/box-for-desserts-350x80x60mm-double-sided\/"},"modified":"2026-03-09T15:41:14","modified_gmt":"2026-03-09T13:41:14","slug":"kaste-desertiem-350x80x60mm-abpuseja","status":"publish","type":"product","link":"https:\/\/candeebaar.ee\/lv\/veikals\/kaste-desertiem-350x80x60mm-abpuseja\/","title":{"rendered":"Kast\u012bte desertiem 350x80x60mm abpus\u0113ja"},"content":{"rendered":"<p>Kast\u012bte piem\u0113rota da\u017e\u0101du desertu un komplektu iepako\u0161anai.<br \/>\nMateri\u0101ls: kartons<br \/>\nIzm\u0113rs: 350x80x60mm<br \/>\nKr\u0101sa: kraft, balta<\/p>","protected":false},"excerpt":{"rendered":"<p>Kast\u012bte piem\u0113rota da\u017e\u0101du desertu un komplektu iepako\u0161anai. Materi\u0101ls: kartons Izm\u0113rs: 350x80x60mm Kr\u0101sa: kraft, balta<\/p>","protected":false},"featured_media":5004,"template":"","meta":{"_seopress_robots_primary_cat":"none","_seopress_titles_title":"","_seopress_titles_desc":"","_seopress_robots_index":""},"product_brand":[],"product_cat":[15,154,151],"product_tag":[],"class_list":{"0":"post-5002","1":"product","2":"type-product","3":"status-publish","4":"has-post-thumbnail","6":"product_cat-all-products","7":"product_cat-different-style","8":"product_cat-macaron","10":"first","11":"instock","12":"taxable","13":"shipping-taxable","14":"purchasable","15":"product-type-simple"},"_links":{"self":[{"href":"https:\/\/candeebaar.ee\/lv\/wp-json\/wp\/v2\/product\/5002","targetHints":{"allow":["GET"]}}],"collection":[{"href":"https:\/\/candeebaar.ee\/lv\/wp-json\/wp\/v2\/product"}],"about":[{"href":"https:\/\/candeebaar.ee\/lv\/wp-json\/wp\/v2\/types\/product"}],"version-history":[{"count":1,"href":"https:\/\/candeebaar.ee\/lv\/wp-json\/wp\/v2\/product\/5002\/revisions"}],"predecessor-version":[{"id":5003,"href":"https:\/\/candeebaar.ee\/lv\/wp-json\/wp\/v2\/product\/5002\/revisions\/5003"}],"wp:featuredmedia":[{"embeddable":true,"href":"https:\/\/candeebaar.ee\/lv\/wp-json\/wp\/v2\/media\/5004"}],"wp:attachment":[{"href":"https:\/\/candeebaar.ee\/lv\/wp-json\/wp\/v2\/media?parent=5002"}],"wp:term":[{"taxonomy":"product_brand","embeddable":true,"href":"https:\/\/candeebaar.ee\/lv\/wp-json\/wp\/v2\/product_brand?post=5002"},{"taxonomy":"product_cat","embeddable":true,"href":"https:\/\/candeebaar.ee\/lv\/wp-json\/wp\/v2\/product_cat?post=5002"},{"taxonomy":"product_tag","embeddable":true,"href":"https:\/\/candeebaar.ee\/lv\/wp-json\/wp\/v2\/product_tag?post=5002"}],"curies":[{"name":"wp","href":"https:\/\/api.w.org\/{rel}","templated":true}]}}