{"id":5017,"date":"2024-12-31T20:07:40","date_gmt":"2024-12-31T20:07:40","guid":{"rendered":"https:\/\/storetest.ivi.ee\/product\/box-for-1-cupcake-double-sided-with-window\/"},"modified":"2025-11-27T14:48:06","modified_gmt":"2025-11-27T12:48:06","slug":"kaste-1-keksam-abpuseja-ar-logu","status":"publish","type":"product","link":"https:\/\/candeebaar.ee\/lv\/veikals\/kaste-1-keksam-abpuseja-ar-logu\/","title":{"rendered":"Kaste 1 k\u0113ksam abpus\u0113ja ar logu"},"content":{"rendered":"<p>Kast\u012bte k\u0113ksam<br \/>\nIr \u012bpa\u0161s ieliktnis, kas dro\u0161i notur k\u016bci\u0146u viet\u0101. Logs no caursp\u012bd\u012bgas plastmasas.<br \/>\nPlatums 10cm<br \/>\nGarums 10cm<br \/>\nAugstums 10cm<br \/>\nDivu kr\u0101su: balta un kraft<br \/>\nMateri\u0101ls: kartons<br \/>\nViegli saliekams.<\/p>\n<p>&nbsp;<\/p>","protected":false},"excerpt":{"rendered":"<p>Kast\u012bte k\u0113ksam Ir \u012bpa\u0161s ieliktnis, kas dro\u0161i notur k\u016bci\u0146u viet\u0101. Logs no caursp\u012bd\u012bgas plastmasas. Platums 10cm Garums 10cm Augstums 10cm Divkr\u0101sains: balts un kraft Materi\u0101ls: kartons Viegli saliekams. &nbsp;<\/p>","protected":false},"featured_media":5019,"template":"","meta":{"_seopress_robots_primary_cat":"none","_seopress_titles_title":"","_seopress_titles_desc":"","_seopress_robots_index":""},"product_brand":[],"product_cat":[15,152,109],"product_tag":[],"class_list":{"0":"post-5017","1":"product","2":"type-product","3":"status-publish","4":"has-post-thumbnail","6":"product_cat-all-products","7":"product_cat-cupcakes","8":"product_cat-sale","10":"first","11":"outofstock","12":"sale","13":"taxable","14":"shipping-taxable","15":"purchasable","16":"product-type-simple"},"_links":{"self":[{"href":"https:\/\/candeebaar.ee\/lv\/wp-json\/wp\/v2\/product\/5017","targetHints":{"allow":["GET"]}}],"collection":[{"href":"https:\/\/candeebaar.ee\/lv\/wp-json\/wp\/v2\/product"}],"about":[{"href":"https:\/\/candeebaar.ee\/lv\/wp-json\/wp\/v2\/types\/product"}],"version-history":[{"count":2,"href":"https:\/\/candeebaar.ee\/lv\/wp-json\/wp\/v2\/product\/5017\/revisions"}],"predecessor-version":[{"id":10639,"href":"https:\/\/candeebaar.ee\/lv\/wp-json\/wp\/v2\/product\/5017\/revisions\/10639"}],"wp:featuredmedia":[{"embeddable":true,"href":"https:\/\/candeebaar.ee\/lv\/wp-json\/wp\/v2\/media\/5019"}],"wp:attachment":[{"href":"https:\/\/candeebaar.ee\/lv\/wp-json\/wp\/v2\/media?parent=5017"}],"wp:term":[{"taxonomy":"product_brand","embeddable":true,"href":"https:\/\/candeebaar.ee\/lv\/wp-json\/wp\/v2\/product_brand?post=5017"},{"taxonomy":"product_cat","embeddable":true,"href":"https:\/\/candeebaar.ee\/lv\/wp-json\/wp\/v2\/product_cat?post=5017"},{"taxonomy":"product_tag","embeddable":true,"href":"https:\/\/candeebaar.ee\/lv\/wp-json\/wp\/v2\/product_tag?post=5017"}],"curies":[{"name":"wp","href":"https:\/\/api.w.org\/{rel}","templated":true}]}}