{"id":5020,"date":"2024-12-31T20:07:40","date_gmt":"2024-12-31T20:07:40","guid":{"rendered":"https:\/\/storetest.ivi.ee\/product\/box-for-3-cupcakes-with-a-double-sided-window\/"},"modified":"2026-04-06T21:16:22","modified_gmt":"2026-04-06T19:16:22","slug":"kaste-3-kucinam-ar-abpuseju-logu","status":"publish","type":"product","link":"https:\/\/candeebaar.ee\/lv\/veikals\/kaste-3-kucinam-ar-abpuseju-logu\/","title":{"rendered":"Kast\u012bte 3 k\u016bci\u0146\u0101m ar abpus\u0113ju logu"},"content":{"rendered":"<p>Kast\u012bte 3 k\u0113ksiem<br \/>\nIr \u012bpa\u0161s ieliktnis, kas dro\u0161i notur k\u016bci\u0146as viet\u0101. Logs no caursp\u012bd\u012bgas plastmasas.<br \/>\nPlatums 10cm<br \/>\nGarums 25cm<br \/>\nAugstums 10cm<br \/>\nDivu kr\u0101su: balta un kraft<br \/>\nMateri\u0101ls: kartons<br \/>\nViegli saliekams.<\/p>\n<p>&nbsp;<\/p>","protected":false},"excerpt":{"rendered":"<p>Kast\u012bte 3 k\u0113ksiem Ir \u012bpa\u0161s ieliktnis, kas dro\u0161i notur k\u0113ksus sav\u0101 viet\u0101. Logs no caursp\u012bd\u012bgas plastmasas. Platums 10cm Garums 25cm Augstums 10cm Divkr\u0101sains: balts un krafts Materi\u0101ls: kartons Viegli mont\u0113jams. &nbsp;<\/p>","protected":false},"featured_media":5022,"template":"","meta":{"_seopress_robots_primary_cat":"none","_seopress_titles_title":"","_seopress_titles_desc":"","_seopress_robots_index":""},"product_brand":[],"product_cat":[15,152],"product_tag":[],"class_list":{"0":"post-5020","1":"product","2":"type-product","3":"status-publish","4":"has-post-thumbnail","6":"product_cat-all-products","7":"product_cat-cupcakes","9":"first","10":"instock","11":"taxable","12":"shipping-taxable","13":"purchasable","14":"product-type-simple"},"_links":{"self":[{"href":"https:\/\/candeebaar.ee\/lv\/wp-json\/wp\/v2\/product\/5020","targetHints":{"allow":["GET"]}}],"collection":[{"href":"https:\/\/candeebaar.ee\/lv\/wp-json\/wp\/v2\/product"}],"about":[{"href":"https:\/\/candeebaar.ee\/lv\/wp-json\/wp\/v2\/types\/product"}],"version-history":[{"count":2,"href":"https:\/\/candeebaar.ee\/lv\/wp-json\/wp\/v2\/product\/5020\/revisions"}],"predecessor-version":[{"id":13681,"href":"https:\/\/candeebaar.ee\/lv\/wp-json\/wp\/v2\/product\/5020\/revisions\/13681"}],"wp:featuredmedia":[{"embeddable":true,"href":"https:\/\/candeebaar.ee\/lv\/wp-json\/wp\/v2\/media\/5022"}],"wp:attachment":[{"href":"https:\/\/candeebaar.ee\/lv\/wp-json\/wp\/v2\/media?parent=5020"}],"wp:term":[{"taxonomy":"product_brand","embeddable":true,"href":"https:\/\/candeebaar.ee\/lv\/wp-json\/wp\/v2\/product_brand?post=5020"},{"taxonomy":"product_cat","embeddable":true,"href":"https:\/\/candeebaar.ee\/lv\/wp-json\/wp\/v2\/product_cat?post=5020"},{"taxonomy":"product_tag","embeddable":true,"href":"https:\/\/candeebaar.ee\/lv\/wp-json\/wp\/v2\/product_tag?post=5020"}],"curies":[{"name":"wp","href":"https:\/\/api.w.org\/{rel}","templated":true}]}}