{"id":5060,"date":"2024-12-31T20:07:53","date_gmt":"2024-12-31T20:07:53","guid":{"rendered":"https:\/\/storetest.ivi.ee\/product\/gel-food-coloring-azure-modecor-20g\/"},"modified":"2025-03-22T22:08:17","modified_gmt":"2025-03-22T20:08:17","slug":"zeleja-partikas-krasviela-debeszils-modecor-20g","status":"publish","type":"product","link":"https:\/\/candeebaar.ee\/lv\/veikals\/zeleja-partikas-krasviela-debeszils-modecor-20g\/","title":{"rendered":"G\u0113la p\u0101rtikas kr\u0101sviela Azure Modecor 20g (19.12.2024)"},"content":{"rendered":"<p>G\u0113la p\u0101rtikas kr\u0101sviela &quot;Azure&quot;<br \/>\nIz\u0161\u0137\u012bst \u016bden\u012b, izmanto rakstu veido\u0161anai un kr\u0113mu kr\u0101so\u0161anai, m\u012bklai un citiem p\u0101rtikas nol\u016bkiem.<br \/>\nSast\u0101vs: glikozes s\u012brups, \u016bdens, saharoze, kr\u0101svielas E102, E133, agars-agars, E330, E202.<br \/>\n*var nelabv\u0113l\u012bgi ietekm\u0113t b\u0113rnu aktivit\u0101ti un uzman\u012bbu.<br \/>\nMasa: 20g<br \/>\nRa\u017eot\u0101js: Modecor, It\u0101lija<\/p>","protected":false},"excerpt":{"rendered":"<p>G\u0113la p\u0101rtikas kr\u0101sviela \u201cAzure\u201d Iz\u0161\u0137\u012bst \u016bden\u012b, izmanto rakstu veido\u0161anai un kr\u0101svielu kr\u0113mu, m\u012bklas un citiem p\u0101rtikas nol\u016bkiem. Sast\u0101vs: glikozes s\u012brups, \u016bdens, saharoze, kr\u0101svielas E102, E133, agars-agars, E330, E202. *var nelabv\u0113l\u012bgi ietekm\u0113t b\u0113rnu aktivit\u0101ti un uzman\u012bbu. Masa: 20g Ra\u017eot\u0101js: Modecor, It\u0101lija<\/p>","protected":false},"featured_media":5049,"template":"","meta":{"_seopress_robots_primary_cat":"","_seopress_titles_title":"","_seopress_titles_desc":"","_seopress_robots_index":""},"product_brand":[],"product_cat":[15,114,109],"product_tag":[],"class_list":{"0":"post-5060","1":"product","2":"type-product","3":"status-publish","4":"has-post-thumbnail","6":"product_cat-all-products","7":"product_cat-gel-water-soluble","8":"product_cat-sale","10":"first","11":"outofstock","12":"sale","13":"taxable","14":"shipping-taxable","15":"purchasable","16":"product-type-simple"},"_links":{"self":[{"href":"https:\/\/candeebaar.ee\/lv\/wp-json\/wp\/v2\/product\/5060","targetHints":{"allow":["GET"]}}],"collection":[{"href":"https:\/\/candeebaar.ee\/lv\/wp-json\/wp\/v2\/product"}],"about":[{"href":"https:\/\/candeebaar.ee\/lv\/wp-json\/wp\/v2\/types\/product"}],"version-history":[{"count":2,"href":"https:\/\/candeebaar.ee\/lv\/wp-json\/wp\/v2\/product\/5060\/revisions"}],"predecessor-version":[{"id":9658,"href":"https:\/\/candeebaar.ee\/lv\/wp-json\/wp\/v2\/product\/5060\/revisions\/9658"}],"wp:featuredmedia":[{"embeddable":true,"href":"https:\/\/candeebaar.ee\/lv\/wp-json\/wp\/v2\/media\/5049"}],"wp:attachment":[{"href":"https:\/\/candeebaar.ee\/lv\/wp-json\/wp\/v2\/media?parent=5060"}],"wp:term":[{"taxonomy":"product_brand","embeddable":true,"href":"https:\/\/candeebaar.ee\/lv\/wp-json\/wp\/v2\/product_brand?post=5060"},{"taxonomy":"product_cat","embeddable":true,"href":"https:\/\/candeebaar.ee\/lv\/wp-json\/wp\/v2\/product_cat?post=5060"},{"taxonomy":"product_tag","embeddable":true,"href":"https:\/\/candeebaar.ee\/lv\/wp-json\/wp\/v2\/product_tag?post=5060"}],"curies":[{"name":"wp","href":"https:\/\/api.w.org\/{rel}","templated":true}]}}