{"id":5066,"date":"2024-12-31T20:07:53","date_gmt":"2024-12-31T20:07:53","guid":{"rendered":"https:\/\/storetest.ivi.ee\/product\/baking-mold-for-cupcakes-100pcs\/"},"modified":"2025-05-13T07:17:01","modified_gmt":"2025-05-13T05:17:01","slug":"cepsanas-forma-keksiniem-100-gab","status":"publish","type":"product","link":"https:\/\/candeebaar.ee\/lv\/veikals\/cepsanas-forma-keksiniem-100-gab\/","title":{"rendered":"Cep\u0161anas veidne k\u0113ksiem 100gab"},"content":{"rendered":"<p>Pap\u012bra veidne ir lieliski piem\u0113rota k\u016bci\u0146u cep\u0161anai. Notur savu formu un neprasa papildus met\u0101la pamatni, pateicoties saloc\u012btai aug\u0161\u0113jai malai.<br \/>\nApak\u0161\u0113j\u0101 diametrs: 5 cm<br \/>\nAug\u0161da\u013cas diametrs: 6,8 cm<br \/>\nAugstums: 3,8 cm<br \/>\nKr\u0101sa: balta<br \/>\nIepakojum\u0101 ir 100 gab.<\/p>","protected":false},"excerpt":{"rendered":"<p>Pap\u012bra veidne ir lieliski piem\u0113rota k\u016bci\u0146u cep\u0161anai. Notur savu formu un neprasa papildus met\u0101la pamatni, pateicoties saloc\u012btai aug\u0161\u0113jai malai. Apak\u0161\u0113jais diametrs: 5cm Aug\u0161\u0113jais diametrs: 6,8cm Augstums: 3,8cm Kr\u0101sa: balta Iepakojum\u0101 ir 100gab.<\/p>","protected":false},"featured_media":5068,"template":"","meta":{"_seopress_robots_primary_cat":"","_seopress_titles_title":"","_seopress_titles_desc":"","_seopress_robots_index":""},"product_brand":[],"product_cat":[15,90],"product_tag":[],"class_list":{"0":"post-5066","1":"product","2":"type-product","3":"status-publish","4":"has-post-thumbnail","6":"product_cat-all-products","7":"product_cat-paper-cups-and-tulips","9":"first","10":"outofstock","11":"taxable","12":"shipping-taxable","13":"purchasable","14":"product-type-simple"},"_links":{"self":[{"href":"https:\/\/candeebaar.ee\/lv\/wp-json\/wp\/v2\/product\/5066","targetHints":{"allow":["GET"]}}],"collection":[{"href":"https:\/\/candeebaar.ee\/lv\/wp-json\/wp\/v2\/product"}],"about":[{"href":"https:\/\/candeebaar.ee\/lv\/wp-json\/wp\/v2\/types\/product"}],"version-history":[{"count":1,"href":"https:\/\/candeebaar.ee\/lv\/wp-json\/wp\/v2\/product\/5066\/revisions"}],"predecessor-version":[{"id":5067,"href":"https:\/\/candeebaar.ee\/lv\/wp-json\/wp\/v2\/product\/5066\/revisions\/5067"}],"wp:featuredmedia":[{"embeddable":true,"href":"https:\/\/candeebaar.ee\/lv\/wp-json\/wp\/v2\/media\/5068"}],"wp:attachment":[{"href":"https:\/\/candeebaar.ee\/lv\/wp-json\/wp\/v2\/media?parent=5066"}],"wp:term":[{"taxonomy":"product_brand","embeddable":true,"href":"https:\/\/candeebaar.ee\/lv\/wp-json\/wp\/v2\/product_brand?post=5066"},{"taxonomy":"product_cat","embeddable":true,"href":"https:\/\/candeebaar.ee\/lv\/wp-json\/wp\/v2\/product_cat?post=5066"},{"taxonomy":"product_tag","embeddable":true,"href":"https:\/\/candeebaar.ee\/lv\/wp-json\/wp\/v2\/product_tag?post=5066"}],"curies":[{"name":"wp","href":"https:\/\/api.w.org\/{rel}","templated":true}]}}