{"id":5069,"date":"2024-12-31T20:07:53","date_gmt":"2024-12-31T20:07:53","guid":{"rendered":"https:\/\/storetest.ivi.ee\/product\/closed-star-nozzle-8l\/"},"modified":"2025-01-02T10:43:18","modified_gmt":"2025-01-02T10:43:18","slug":"slegta-zvaigznes-tipa-sprausla-8l","status":"publish","type":"product","link":"https:\/\/candeebaar.ee\/lv\/veikals\/slegta-zvaigznes-tipa-sprausla-8l\/","title":{"rendered":"Sl\u0113gtas zvaigznes uzgalis 8L"},"content":{"rendered":"<p>Konditorejas uzgalis izgatavots no ner\u016bs\u0113jo\u0161\u0101 t\u0113rauda.<\/p>\n<p>Izm\u0113rs: 35x53 mm<\/p>","protected":false},"excerpt":{"rendered":"<p>Konditorejas uzgalis no ner\u016bs\u0113jo\u0161\u0101 t\u0113rauda. Izm\u0113rs: 35x53mm<\/p>","protected":false},"featured_media":5071,"template":"","meta":{"_seopress_robots_primary_cat":"","_seopress_titles_title":"","_seopress_titles_desc":"","_seopress_robots_index":""},"product_brand":[],"product_cat":[15,119],"product_tag":[],"class_list":{"0":"post-5069","1":"product","2":"type-product","3":"status-publish","4":"has-post-thumbnail","6":"product_cat-all-products","7":"product_cat-closed-star","9":"first","10":"outofstock","11":"taxable","12":"shipping-taxable","13":"purchasable","14":"product-type-simple"},"_links":{"self":[{"href":"https:\/\/candeebaar.ee\/lv\/wp-json\/wp\/v2\/product\/5069","targetHints":{"allow":["GET"]}}],"collection":[{"href":"https:\/\/candeebaar.ee\/lv\/wp-json\/wp\/v2\/product"}],"about":[{"href":"https:\/\/candeebaar.ee\/lv\/wp-json\/wp\/v2\/types\/product"}],"version-history":[{"count":1,"href":"https:\/\/candeebaar.ee\/lv\/wp-json\/wp\/v2\/product\/5069\/revisions"}],"predecessor-version":[{"id":5070,"href":"https:\/\/candeebaar.ee\/lv\/wp-json\/wp\/v2\/product\/5069\/revisions\/5070"}],"wp:featuredmedia":[{"embeddable":true,"href":"https:\/\/candeebaar.ee\/lv\/wp-json\/wp\/v2\/media\/5071"}],"wp:attachment":[{"href":"https:\/\/candeebaar.ee\/lv\/wp-json\/wp\/v2\/media?parent=5069"}],"wp:term":[{"taxonomy":"product_brand","embeddable":true,"href":"https:\/\/candeebaar.ee\/lv\/wp-json\/wp\/v2\/product_brand?post=5069"},{"taxonomy":"product_cat","embeddable":true,"href":"https:\/\/candeebaar.ee\/lv\/wp-json\/wp\/v2\/product_cat?post=5069"},{"taxonomy":"product_tag","embeddable":true,"href":"https:\/\/candeebaar.ee\/lv\/wp-json\/wp\/v2\/product_tag?post=5069"}],"curies":[{"name":"wp","href":"https:\/\/api.w.org\/{rel}","templated":true}]}}