{"id":5084,"date":"2024-12-31T20:07:57","date_gmt":"2024-12-31T20:07:57","guid":{"rendered":"https:\/\/storetest.ivi.ee\/product\/callebaut-crispearls-mona-lisa-white-100g\/"},"modified":"2026-03-27T10:15:24","modified_gmt":"2026-03-27T08:15:24","slug":"callebaut-crispearls-mona-lisa-white-100g","status":"publish","type":"product","link":"https:\/\/candeebaar.ee\/lv\/veikals\/callebaut-crispearls-mona-lisa-white-100g\/","title":{"rendered":"Callebaut Crispearls \u201cMona Lisa\u201d White 100g"},"content":{"rendered":"<p>Krauk\u0161\u0137\u012bgas dra\u017eejas baltaj\u0101 \u0161okol\u0101d\u0113 Callebaut.<br \/>\nLieliska dekor\u0101cija jebkuram desertam.<br \/>\nSast\u0101vs:<br \/>\nBalt\u0101 \u0161okol\u0101de 84% (cukurs, kakao sviests, sauss <strong>pienu<\/strong>, <strong>pienu<\/strong> s\u016bkalas, emulgators: sojas lecit\u012bns, vanil\u012bns)<br \/>\nKrauk\u0161\u0137\u012bg\u0101s p\u0101rslas (<strong>kvie\u0161i<\/strong> milti, cukurs, <strong>kvie\u0161i<\/strong> iesala milti, <strong>kvie\u0161i<\/strong> ciete, E500ii, s\u0101ls, kakao sviests, vanil\u012bns)<br \/>\nGlikozes s\u012brups, E414,<br \/>\nBumbi\u0146as izm\u0113rs \u2248 5 mm<br \/>\nMasa: 100g<br \/>\nRa\u017eot\u0101js: Callebaut, Be\u013c\u0123ija<\/p>","protected":false},"excerpt":{"rendered":"<p>Krauk\u0161\u0137\u012bgas dra\u017eejas baltaj\u0101 \u0161okol\u0101d\u0113 Callebaut. Lieliska dekor\u0101cija jebkuram desertam. Sast\u0101vs: Balt\u0101 \u0161okol\u0101de 84% (cukurs, kakao sviests, sausais piens, piena s\u016bkalas, emulgators: sojas lecit\u012bns, vanil\u012bns) Krauk\u0161\u0137\u012bg\u0101s p\u0101rslas (kvie\u0161u milti, cukurs, kvie\u0161u iesala milti, kvie\u0161u ciete, E500ii, s\u0101ls, kakao sviests, vanil\u012bns) Glikozes s\u012brups , E414, lod\u012btes izm\u0113rs \u2248 5 mm Masa: 100g Ra\u017eot\u0101js: Callebaut, Be\u013c\u0123ija<\/p>","protected":false},"featured_media":5086,"template":"","meta":{"_seopress_robots_primary_cat":"none","_seopress_titles_title":"","_seopress_titles_desc":"","_seopress_robots_index":""},"product_brand":[],"product_cat":[180,15,110,104],"product_tag":[],"class_list":{"0":"post-5084","1":"product","2":"type-product","3":"status-publish","4":"has-post-thumbnail","6":"product_cat-wedding-products","7":"product_cat-all-products","8":"product_cat-callebaut","9":"product_cat-sprinkles","10":"brand-callebaut","12":"first","13":"instock","14":"taxable","15":"shipping-taxable","16":"purchasable","17":"product-type-simple"},"_links":{"self":[{"href":"https:\/\/candeebaar.ee\/lv\/wp-json\/wp\/v2\/product\/5084","targetHints":{"allow":["GET"]}}],"collection":[{"href":"https:\/\/candeebaar.ee\/lv\/wp-json\/wp\/v2\/product"}],"about":[{"href":"https:\/\/candeebaar.ee\/lv\/wp-json\/wp\/v2\/types\/product"}],"version-history":[{"count":1,"href":"https:\/\/candeebaar.ee\/lv\/wp-json\/wp\/v2\/product\/5084\/revisions"}],"predecessor-version":[{"id":5085,"href":"https:\/\/candeebaar.ee\/lv\/wp-json\/wp\/v2\/product\/5084\/revisions\/5085"}],"wp:featuredmedia":[{"embeddable":true,"href":"https:\/\/candeebaar.ee\/lv\/wp-json\/wp\/v2\/media\/5086"}],"wp:attachment":[{"href":"https:\/\/candeebaar.ee\/lv\/wp-json\/wp\/v2\/media?parent=5084"}],"wp:term":[{"taxonomy":"product_brand","embeddable":true,"href":"https:\/\/candeebaar.ee\/lv\/wp-json\/wp\/v2\/product_brand?post=5084"},{"taxonomy":"product_cat","embeddable":true,"href":"https:\/\/candeebaar.ee\/lv\/wp-json\/wp\/v2\/product_cat?post=5084"},{"taxonomy":"product_tag","embeddable":true,"href":"https:\/\/candeebaar.ee\/lv\/wp-json\/wp\/v2\/product_tag?post=5084"}],"curies":[{"name":"wp","href":"https:\/\/api.w.org\/{rel}","templated":true}]}}