{"id":5088,"date":"2024-12-31T20:07:57","date_gmt":"2024-12-31T20:07:57","guid":{"rendered":"https:\/\/storetest.ivi.ee\/product\/bag-for-gingerbread-12x22cm-100pcs\/"},"modified":"2026-02-20T11:38:05","modified_gmt":"2026-02-20T09:38:05","slug":"maisins-piparkukam-12x22cm-100gab","status":"publish","type":"product","link":"https:\/\/candeebaar.ee\/lv\/veikals\/maisins-piparkukam-12x22cm-100gab\/","title":{"rendered":"Maisi\u0146\u0161 pipark\u016bk\u0101m 12x22cm 100gab"},"content":{"rendered":"<p>No caursp\u012bd\u012bgas p\u0101rtikas plastmasas maisi\u0146\u0161 ir piem\u0113rots pipark\u016bk\u0101m un citiem k\u0101rumiem. Komplekt\u0101 100gab.<br \/>\nMateri\u0101ls: caursp\u012bd\u012bgs polipropil\u0113ns.<br \/>\nIzm\u0113rs: 12 x 22 cm.<\/p>","protected":false},"excerpt":{"rendered":"<p>No caursp\u012bd\u012bgas p\u0101rtikas plastmasas maisi\u0146\u0161 ir piem\u0113rots pipark\u016bk\u0101m un citiem k\u0101rumiem. Komplekt\u0101 100gab. Materi\u0101ls: caursp\u012bd\u012bgs polipropil\u0113ns. Izm\u0113rs: 12x22 cm.<\/p>","protected":false},"featured_media":5077,"template":"","meta":{"_seopress_robots_primary_cat":"none","_seopress_titles_title":"","_seopress_titles_desc":"","_seopress_robots_index":""},"product_brand":[],"product_cat":[15,95],"product_tag":[],"class_list":{"0":"post-5088","1":"product","2":"type-product","3":"status-publish","4":"has-post-thumbnail","6":"product_cat-all-products","7":"product_cat-plastic-and-paper-bags","9":"first","10":"outofstock","11":"taxable","12":"shipping-taxable","13":"purchasable","14":"product-type-simple"},"_links":{"self":[{"href":"https:\/\/candeebaar.ee\/lv\/wp-json\/wp\/v2\/product\/5088","targetHints":{"allow":["GET"]}}],"collection":[{"href":"https:\/\/candeebaar.ee\/lv\/wp-json\/wp\/v2\/product"}],"about":[{"href":"https:\/\/candeebaar.ee\/lv\/wp-json\/wp\/v2\/types\/product"}],"version-history":[{"count":2,"href":"https:\/\/candeebaar.ee\/lv\/wp-json\/wp\/v2\/product\/5088\/revisions"}],"predecessor-version":[{"id":13893,"href":"https:\/\/candeebaar.ee\/lv\/wp-json\/wp\/v2\/product\/5088\/revisions\/13893"}],"wp:featuredmedia":[{"embeddable":true,"href":"https:\/\/candeebaar.ee\/lv\/wp-json\/wp\/v2\/media\/5077"}],"wp:attachment":[{"href":"https:\/\/candeebaar.ee\/lv\/wp-json\/wp\/v2\/media?parent=5088"}],"wp:term":[{"taxonomy":"product_brand","embeddable":true,"href":"https:\/\/candeebaar.ee\/lv\/wp-json\/wp\/v2\/product_brand?post=5088"},{"taxonomy":"product_cat","embeddable":true,"href":"https:\/\/candeebaar.ee\/lv\/wp-json\/wp\/v2\/product_cat?post=5088"},{"taxonomy":"product_tag","embeddable":true,"href":"https:\/\/candeebaar.ee\/lv\/wp-json\/wp\/v2\/product_tag?post=5088"}],"curies":[{"name":"wp","href":"https:\/\/api.w.org\/{rel}","templated":true}]}}