{"id":5102,"date":"2024-12-31T20:07:57","date_gmt":"2024-12-31T20:07:57","guid":{"rendered":"https:\/\/storetest.ivi.ee\/product\/cupcake-injector\/"},"modified":"2026-03-16T13:55:00","modified_gmt":"2026-03-16T11:55:00","slug":"cupcake-inzektors","status":"publish","type":"product","link":"https:\/\/candeebaar.ee\/lv\/veikals\/cupcake-inzektors\/","title":{"rendered":"Cupcake in\u017eektors"},"content":{"rendered":"<p>Plastmasas in\u017eektors pal\u012bdz \u0101tri un vienm\u0113r\u012bgi izvilkt k\u0113ksi\u0146a serdi, k\u0101 ar\u012b piepild\u012bt to ar pild\u012bjumu.<br \/>\nAtveres diametrs: 20mm<\/p>","protected":false},"excerpt":{"rendered":"<p>Plastmasas in\u017eektors pal\u012bdz \u0101tri un vienm\u0113r\u012bgi izvilkt k\u0113ksi\u0146a serdi, k\u0101 ar\u012b piepild\u012bt to ar pild\u012bjumu. Atveres diametrs: 20mm<\/p>","protected":false},"featured_media":5104,"template":"","meta":{"_seopress_robots_primary_cat":"none","_seopress_titles_title":"","_seopress_titles_desc":"","_seopress_robots_index":""},"product_brand":[],"product_cat":[15,84],"product_tag":[],"class_list":{"0":"post-5102","1":"product","2":"type-product","3":"status-publish","4":"has-post-thumbnail","6":"product_cat-all-products","7":"product_cat-tools","9":"first","10":"instock","11":"taxable","12":"shipping-taxable","13":"purchasable","14":"product-type-simple"},"_links":{"self":[{"href":"https:\/\/candeebaar.ee\/lv\/wp-json\/wp\/v2\/product\/5102","targetHints":{"allow":["GET"]}}],"collection":[{"href":"https:\/\/candeebaar.ee\/lv\/wp-json\/wp\/v2\/product"}],"about":[{"href":"https:\/\/candeebaar.ee\/lv\/wp-json\/wp\/v2\/types\/product"}],"version-history":[{"count":1,"href":"https:\/\/candeebaar.ee\/lv\/wp-json\/wp\/v2\/product\/5102\/revisions"}],"predecessor-version":[{"id":5103,"href":"https:\/\/candeebaar.ee\/lv\/wp-json\/wp\/v2\/product\/5102\/revisions\/5103"}],"wp:featuredmedia":[{"embeddable":true,"href":"https:\/\/candeebaar.ee\/lv\/wp-json\/wp\/v2\/media\/5104"}],"wp:attachment":[{"href":"https:\/\/candeebaar.ee\/lv\/wp-json\/wp\/v2\/media?parent=5102"}],"wp:term":[{"taxonomy":"product_brand","embeddable":true,"href":"https:\/\/candeebaar.ee\/lv\/wp-json\/wp\/v2\/product_brand?post=5102"},{"taxonomy":"product_cat","embeddable":true,"href":"https:\/\/candeebaar.ee\/lv\/wp-json\/wp\/v2\/product_cat?post=5102"},{"taxonomy":"product_tag","embeddable":true,"href":"https:\/\/candeebaar.ee\/lv\/wp-json\/wp\/v2\/product_tag?post=5102"}],"curies":[{"name":"wp","href":"https:\/\/api.w.org\/{rel}","templated":true}]}}