{"id":5108,"date":"2024-12-31T20:07:57","date_gmt":"2024-12-31T20:07:57","guid":{"rendered":"https:\/\/storetest.ivi.ee\/product\/silicone-mold-numbers\/"},"modified":"2025-06-24T15:44:44","modified_gmt":"2025-06-24T13:44:44","slug":"silikona-veidnu-numuri","status":"publish","type":"product","link":"https:\/\/candeebaar.ee\/lv\/veikals\/silikona-veidnu-numuri\/","title":{"rendered":"Silikona veid\u0146u numuri"},"content":{"rendered":"<p>Karstumiztur\u012bg\u0101 p\u0101rtikas silikona veidne pal\u012bdz\u0113s izveidot skaistus skait\u013cus no \u0161okol\u0101des, fondanta u.c.<br \/>\nIzm\u0113rs: 31x16 cm<br \/>\nLiels skaitlis \u201c0\u201d: 50x37x10mm<br \/>\nMazs cipars \u201c0\u201d: 29x23x5mm<\/p>","protected":false},"excerpt":{"rendered":"<p>Karstumiztur\u012bg\u0101 p\u0101rtikas silikona veidne pal\u012bdz\u0113s izveidot skaistus skait\u013cus no \u0161okol\u0101des, fondanta uc Izm\u0113rs: 31x16cm Liels cipars \u201c0\u201d: 50x37x10mm Mazs cipars \u201c0\u201d: 29x23x5mm<\/p>","protected":false},"featured_media":5110,"template":"","meta":{"_seopress_robots_primary_cat":"","_seopress_titles_title":"","_seopress_titles_desc":"","_seopress_robots_index":""},"product_brand":[],"product_cat":[15,82,124],"product_tag":[],"class_list":{"0":"post-5108","1":"product","2":"type-product","3":"status-publish","4":"has-post-thumbnail","6":"product_cat-all-products","7":"product_cat-chocolate-molds","8":"product_cat-letters-and-numbers","10":"first","11":"outofstock","12":"taxable","13":"shipping-taxable","14":"purchasable","15":"product-type-simple"},"_links":{"self":[{"href":"https:\/\/candeebaar.ee\/lv\/wp-json\/wp\/v2\/product\/5108","targetHints":{"allow":["GET"]}}],"collection":[{"href":"https:\/\/candeebaar.ee\/lv\/wp-json\/wp\/v2\/product"}],"about":[{"href":"https:\/\/candeebaar.ee\/lv\/wp-json\/wp\/v2\/types\/product"}],"version-history":[{"count":1,"href":"https:\/\/candeebaar.ee\/lv\/wp-json\/wp\/v2\/product\/5108\/revisions"}],"predecessor-version":[{"id":5109,"href":"https:\/\/candeebaar.ee\/lv\/wp-json\/wp\/v2\/product\/5108\/revisions\/5109"}],"wp:featuredmedia":[{"embeddable":true,"href":"https:\/\/candeebaar.ee\/lv\/wp-json\/wp\/v2\/media\/5110"}],"wp:attachment":[{"href":"https:\/\/candeebaar.ee\/lv\/wp-json\/wp\/v2\/media?parent=5108"}],"wp:term":[{"taxonomy":"product_brand","embeddable":true,"href":"https:\/\/candeebaar.ee\/lv\/wp-json\/wp\/v2\/product_brand?post=5108"},{"taxonomy":"product_cat","embeddable":true,"href":"https:\/\/candeebaar.ee\/lv\/wp-json\/wp\/v2\/product_cat?post=5108"},{"taxonomy":"product_tag","embeddable":true,"href":"https:\/\/candeebaar.ee\/lv\/wp-json\/wp\/v2\/product_tag?post=5108"}],"curies":[{"name":"wp","href":"https:\/\/api.w.org\/{rel}","templated":true}]}}