{"id":5114,"date":"2024-12-31T20:07:57","date_gmt":"2024-12-31T20:07:57","guid":{"rendered":"https:\/\/storetest.ivi.ee\/product\/candy-box-19x15-kraft-5-pcs\/"},"modified":"2024-12-31T20:08:00","modified_gmt":"2024-12-31T20:08:00","slug":"konfeksu-karba-19x15-kraftpapirs-5-gab","status":"publish","type":"product","link":"https:\/\/candeebaar.ee\/lv\/veikals\/konfeksu-karba-19x15-kraftpapirs-5-gab\/","title":{"rendered":"Konfek\u0161u k\u0101rba 19\u00d715 kraft 5 gab."},"content":{"rendered":"<p>Konfek\u0161u k\u0101rba 12 nodal\u012bjumiem ar caursp\u012bd\u012bgu lodzi\u0146u. Komplekt\u0101 ietilpst 5 gab.<br \/>\nIzm\u0113rs: 190x150x35 mm<br \/>\nMateri\u0101ls: kartons<br \/>\nKr\u0101sa: krafts<\/p>","protected":false},"excerpt":{"rendered":"<p>Konfek\u0161u k\u0101rba 12 nodal\u012bjumiem ar caursp\u012bd\u012bgu lodzi\u0146u. Ietver 5 gab. Izm\u0113rs: 190x150x35mm Materi\u0101ls: kartons Kr\u0101sa: br\u016bns<\/p>","protected":false},"featured_media":5116,"template":"","meta":{"_seopress_robots_primary_cat":"","_seopress_titles_title":"","_seopress_titles_desc":"","_seopress_robots_index":""},"product_brand":[],"product_cat":[15],"product_tag":[],"class_list":{"0":"post-5114","1":"product","2":"type-product","3":"status-publish","4":"has-post-thumbnail","6":"product_cat-all-products","8":"first","9":"outofstock","10":"taxable","11":"shipping-taxable","12":"purchasable","13":"product-type-simple"},"_links":{"self":[{"href":"https:\/\/candeebaar.ee\/lv\/wp-json\/wp\/v2\/product\/5114","targetHints":{"allow":["GET"]}}],"collection":[{"href":"https:\/\/candeebaar.ee\/lv\/wp-json\/wp\/v2\/product"}],"about":[{"href":"https:\/\/candeebaar.ee\/lv\/wp-json\/wp\/v2\/types\/product"}],"version-history":[{"count":1,"href":"https:\/\/candeebaar.ee\/lv\/wp-json\/wp\/v2\/product\/5114\/revisions"}],"predecessor-version":[{"id":5115,"href":"https:\/\/candeebaar.ee\/lv\/wp-json\/wp\/v2\/product\/5114\/revisions\/5115"}],"wp:featuredmedia":[{"embeddable":true,"href":"https:\/\/candeebaar.ee\/lv\/wp-json\/wp\/v2\/media\/5116"}],"wp:attachment":[{"href":"https:\/\/candeebaar.ee\/lv\/wp-json\/wp\/v2\/media?parent=5114"}],"wp:term":[{"taxonomy":"product_brand","embeddable":true,"href":"https:\/\/candeebaar.ee\/lv\/wp-json\/wp\/v2\/product_brand?post=5114"},{"taxonomy":"product_cat","embeddable":true,"href":"https:\/\/candeebaar.ee\/lv\/wp-json\/wp\/v2\/product_cat?post=5114"},{"taxonomy":"product_tag","embeddable":true,"href":"https:\/\/candeebaar.ee\/lv\/wp-json\/wp\/v2\/product_tag?post=5114"}],"curies":[{"name":"wp","href":"https:\/\/api.w.org\/{rel}","templated":true}]}}