{"id":5117,"date":"2024-12-31T20:07:57","date_gmt":"2024-12-31T20:07:57","guid":{"rendered":"https:\/\/storetest.ivi.ee\/product\/metal-baking-mold-round-adjustable-16-30cm-85mm\/"},"modified":"2026-04-12T21:07:20","modified_gmt":"2026-04-12T19:07:20","slug":"metala-cepsanas-veidne-apala-regulejama-16-30cm-85mm","status":"publish","type":"product","link":"https:\/\/candeebaar.ee\/lv\/veikals\/metala-cepsanas-veidne-apala-regulejama-16-30cm-85mm\/","title":{"rendered":"Met\u0101la cep\u0161anas veidne apa\u013ca regul\u0113jama 16-30cm 85mm"},"content":{"rendered":"<p>Regul\u0113jama forma jebkura izm\u0113ra apa\u013c\u0101m k\u016bk\u0101m no 16 l\u012bdz 30 cm.<br \/>\n Augstums: 85 mm<br \/>\n Materi\u0101ls: ner\u016bs\u0113jo\u0161ais t\u0113rauds<br \/>\n Ra\u017eot\u0101js: \u0136\u012bna<\/p>\n<p> &nbsp;<\/p>","protected":false},"excerpt":{"rendered":"<p>Regul\u0113jama forma jebkura izm\u0113ra apa\u013c\u0101m k\u016bk\u0101m no 16 l\u012bdz 30 cm. Augstums: 85 mm Materi\u0101ls: ner\u016bs\u0113jo\u0161ais t\u0113rauds Ra\u017eot\u0101js: \u0136\u012bna &nbsp;<\/p>","protected":false},"featured_media":5119,"template":"","meta":{"_seopress_robots_primary_cat":"","_seopress_titles_title":"","_seopress_titles_desc":"","_seopress_robots_index":""},"product_brand":[],"product_cat":[15,116,109],"product_tag":[],"class_list":{"0":"post-5117","1":"product","2":"type-product","3":"status-publish","4":"has-post-thumbnail","6":"product_cat-all-products","7":"product_cat-metal","8":"product_cat-sale","10":"first","11":"instock","12":"sale","13":"taxable","14":"shipping-taxable","15":"purchasable","16":"product-type-simple"},"_links":{"self":[{"href":"https:\/\/candeebaar.ee\/lv\/wp-json\/wp\/v2\/product\/5117","targetHints":{"allow":["GET"]}}],"collection":[{"href":"https:\/\/candeebaar.ee\/lv\/wp-json\/wp\/v2\/product"}],"about":[{"href":"https:\/\/candeebaar.ee\/lv\/wp-json\/wp\/v2\/types\/product"}],"version-history":[{"count":1,"href":"https:\/\/candeebaar.ee\/lv\/wp-json\/wp\/v2\/product\/5117\/revisions"}],"predecessor-version":[{"id":5118,"href":"https:\/\/candeebaar.ee\/lv\/wp-json\/wp\/v2\/product\/5117\/revisions\/5118"}],"wp:featuredmedia":[{"embeddable":true,"href":"https:\/\/candeebaar.ee\/lv\/wp-json\/wp\/v2\/media\/5119"}],"wp:attachment":[{"href":"https:\/\/candeebaar.ee\/lv\/wp-json\/wp\/v2\/media?parent=5117"}],"wp:term":[{"taxonomy":"product_brand","embeddable":true,"href":"https:\/\/candeebaar.ee\/lv\/wp-json\/wp\/v2\/product_brand?post=5117"},{"taxonomy":"product_cat","embeddable":true,"href":"https:\/\/candeebaar.ee\/lv\/wp-json\/wp\/v2\/product_cat?post=5117"},{"taxonomy":"product_tag","embeddable":true,"href":"https:\/\/candeebaar.ee\/lv\/wp-json\/wp\/v2\/product_tag?post=5117"}],"curies":[{"name":"wp","href":"https:\/\/api.w.org\/{rel}","templated":true}]}}