{"id":5130,"date":"2024-12-31T20:07:57","date_gmt":"2024-12-31T20:07:57","guid":{"rendered":"https:\/\/storetest.ivi.ee\/product\/candy-base-mold-50pcs\/"},"modified":"2026-03-01T17:39:12","modified_gmt":"2026-03-01T15:39:12","slug":"konfeksu-pamatnes-veidne-50gab","status":"publish","type":"product","link":"https:\/\/candeebaar.ee\/lv\/veikals\/konfeksu-pamatnes-veidne-50gab\/","title":{"rendered":"Konfek\u0161u pamatnes veidne 50gab"},"content":{"rendered":"<p>Pap\u012bra veidne, kas piem\u0113rota konfek\u0161u, k\u016bku u.c. pasnieg\u0161anai.<br \/>\nIzm\u0113rs: 29x19mm<br \/>\nKr\u0101sa: br\u016bna<br \/>\nDaudzums: 50 gab<\/p>","protected":false},"excerpt":{"rendered":"<p>Pap\u012bra veidne piem\u0113rota konfek\u0161u, k\u016bku u.c. pasnieg\u0161anai. Izm\u0113rs: 29x19mm Kr\u0101sa: br\u016bns Daudzums: 50 gab.<\/p>","protected":false},"featured_media":5132,"template":"","meta":{"_seopress_robots_primary_cat":"none","_seopress_titles_title":"","_seopress_titles_desc":"","_seopress_robots_index":""},"product_brand":[],"product_cat":[15,90],"product_tag":[],"class_list":{"0":"post-5130","1":"product","2":"type-product","3":"status-publish","4":"has-post-thumbnail","6":"product_cat-all-products","7":"product_cat-paper-cups-and-tulips","9":"first","10":"outofstock","11":"taxable","12":"shipping-taxable","13":"purchasable","14":"product-type-simple"},"_links":{"self":[{"href":"https:\/\/candeebaar.ee\/lv\/wp-json\/wp\/v2\/product\/5130","targetHints":{"allow":["GET"]}}],"collection":[{"href":"https:\/\/candeebaar.ee\/lv\/wp-json\/wp\/v2\/product"}],"about":[{"href":"https:\/\/candeebaar.ee\/lv\/wp-json\/wp\/v2\/types\/product"}],"version-history":[{"count":1,"href":"https:\/\/candeebaar.ee\/lv\/wp-json\/wp\/v2\/product\/5130\/revisions"}],"predecessor-version":[{"id":5131,"href":"https:\/\/candeebaar.ee\/lv\/wp-json\/wp\/v2\/product\/5130\/revisions\/5131"}],"wp:featuredmedia":[{"embeddable":true,"href":"https:\/\/candeebaar.ee\/lv\/wp-json\/wp\/v2\/media\/5132"}],"wp:attachment":[{"href":"https:\/\/candeebaar.ee\/lv\/wp-json\/wp\/v2\/media?parent=5130"}],"wp:term":[{"taxonomy":"product_brand","embeddable":true,"href":"https:\/\/candeebaar.ee\/lv\/wp-json\/wp\/v2\/product_brand?post=5130"},{"taxonomy":"product_cat","embeddable":true,"href":"https:\/\/candeebaar.ee\/lv\/wp-json\/wp\/v2\/product_cat?post=5130"},{"taxonomy":"product_tag","embeddable":true,"href":"https:\/\/candeebaar.ee\/lv\/wp-json\/wp\/v2\/product_tag?post=5130"}],"curies":[{"name":"wp","href":"https:\/\/api.w.org\/{rel}","templated":true}]}}