{"id":5139,"date":"2024-12-31T20:07:57","date_gmt":"2024-12-31T20:07:57","guid":{"rendered":"https:\/\/storetest.ivi.ee\/product\/box-for-cake-with-corner-window-22-22-11cm\/"},"modified":"2026-04-13T21:21:32","modified_gmt":"2026-04-13T19:21:32","slug":"kaste-kukai-ar-stura-logu-22-22-11cm","status":"publish","type":"product","link":"https:\/\/candeebaar.ee\/lv\/veikals\/kaste-kukai-ar-stura-logu-22-22-11cm\/","title":{"rendered":"Kaste k\u016bkai ar st\u016bra logu 22 22 11cm"},"content":{"rendered":"<p>Kaste ar st\u016bra logu no plastmasas k\u016bk\u0101m.<br \/>\nIzm\u0113rs: 22x22x11cm<br \/>\nMateri\u0101ls: kartons<br \/>\nKr\u0101sa: krafts<\/p>","protected":false},"excerpt":{"rendered":"<p>Kaste ar st\u016bra logu no plastmasas k\u016bk\u0101m. Izm\u0113rs: 22x22x11cm Materi\u0101ls: kartons Kr\u0101sa: kraft<\/p>","protected":false},"featured_media":5141,"template":"","meta":{"_seopress_robots_primary_cat":"none","_seopress_titles_title":"","_seopress_titles_desc":"","_seopress_robots_index":""},"product_brand":[],"product_cat":[15,130],"product_tag":[],"class_list":{"0":"post-5139","1":"product","2":"type-product","3":"status-publish","4":"has-post-thumbnail","6":"product_cat-all-products","7":"product_cat-20-24cm-base","9":"first","10":"outofstock","11":"taxable","12":"shipping-taxable","13":"purchasable","14":"product-type-simple"},"_links":{"self":[{"href":"https:\/\/candeebaar.ee\/lv\/wp-json\/wp\/v2\/product\/5139","targetHints":{"allow":["GET"]}}],"collection":[{"href":"https:\/\/candeebaar.ee\/lv\/wp-json\/wp\/v2\/product"}],"about":[{"href":"https:\/\/candeebaar.ee\/lv\/wp-json\/wp\/v2\/types\/product"}],"version-history":[{"count":1,"href":"https:\/\/candeebaar.ee\/lv\/wp-json\/wp\/v2\/product\/5139\/revisions"}],"predecessor-version":[{"id":5140,"href":"https:\/\/candeebaar.ee\/lv\/wp-json\/wp\/v2\/product\/5139\/revisions\/5140"}],"wp:featuredmedia":[{"embeddable":true,"href":"https:\/\/candeebaar.ee\/lv\/wp-json\/wp\/v2\/media\/5141"}],"wp:attachment":[{"href":"https:\/\/candeebaar.ee\/lv\/wp-json\/wp\/v2\/media?parent=5139"}],"wp:term":[{"taxonomy":"product_brand","embeddable":true,"href":"https:\/\/candeebaar.ee\/lv\/wp-json\/wp\/v2\/product_brand?post=5139"},{"taxonomy":"product_cat","embeddable":true,"href":"https:\/\/candeebaar.ee\/lv\/wp-json\/wp\/v2\/product_cat?post=5139"},{"taxonomy":"product_tag","embeddable":true,"href":"https:\/\/candeebaar.ee\/lv\/wp-json\/wp\/v2\/product_tag?post=5139"}],"curies":[{"name":"wp","href":"https:\/\/api.w.org\/{rel}","templated":true}]}}