{"id":5142,"date":"2024-12-31T20:08:07","date_gmt":"2024-12-31T20:08:07","guid":{"rendered":"https:\/\/storetest.ivi.ee\/product\/box-for-cake-with-corner-window-25-25-12cm\/"},"modified":"2026-03-19T18:10:47","modified_gmt":"2026-03-19T16:10:47","slug":"kaste-kukai-ar-stura-logu-25-25-12cm","status":"publish","type":"product","link":"https:\/\/candeebaar.ee\/lv\/veikals\/kaste-kukai-ar-stura-logu-25-25-12cm\/","title":{"rendered":"Kaste k\u016bkai ar st\u016bra logu 25 25 12cm"},"content":{"rendered":"<p>Kaste ar st\u016bra logu no plastmasas k\u016bk\u0101m.<br \/>\nIzm\u0113rs: 25x25x12cm<br \/>\nMateri\u0101ls: kartons<br \/>\nKr\u0101sa: krafts<\/p>","protected":false},"excerpt":{"rendered":"<p>Kaste ar st\u016bra logu no plastmasas k\u016bk\u0101m. Izm\u0113rs: 25x25x12cm Materi\u0101ls: kartons Kr\u0101sa: kraft<\/p>","protected":false},"featured_media":5141,"template":"","meta":{"_seopress_robots_primary_cat":"none","_seopress_titles_title":"","_seopress_titles_desc":"","_seopress_robots_index":""},"product_brand":[],"product_cat":[15,131],"product_tag":[],"class_list":{"0":"post-5142","1":"product","2":"type-product","3":"status-publish","4":"has-post-thumbnail","6":"product_cat-all-products","7":"product_cat-25cm-base","9":"first","10":"instock","11":"taxable","12":"shipping-taxable","13":"purchasable","14":"product-type-simple"},"_links":{"self":[{"href":"https:\/\/candeebaar.ee\/lv\/wp-json\/wp\/v2\/product\/5142","targetHints":{"allow":["GET"]}}],"collection":[{"href":"https:\/\/candeebaar.ee\/lv\/wp-json\/wp\/v2\/product"}],"about":[{"href":"https:\/\/candeebaar.ee\/lv\/wp-json\/wp\/v2\/types\/product"}],"version-history":[{"count":1,"href":"https:\/\/candeebaar.ee\/lv\/wp-json\/wp\/v2\/product\/5142\/revisions"}],"predecessor-version":[{"id":5143,"href":"https:\/\/candeebaar.ee\/lv\/wp-json\/wp\/v2\/product\/5142\/revisions\/5143"}],"wp:featuredmedia":[{"embeddable":true,"href":"https:\/\/candeebaar.ee\/lv\/wp-json\/wp\/v2\/media\/5141"}],"wp:attachment":[{"href":"https:\/\/candeebaar.ee\/lv\/wp-json\/wp\/v2\/media?parent=5142"}],"wp:term":[{"taxonomy":"product_brand","embeddable":true,"href":"https:\/\/candeebaar.ee\/lv\/wp-json\/wp\/v2\/product_brand?post=5142"},{"taxonomy":"product_cat","embeddable":true,"href":"https:\/\/candeebaar.ee\/lv\/wp-json\/wp\/v2\/product_cat?post=5142"},{"taxonomy":"product_tag","embeddable":true,"href":"https:\/\/candeebaar.ee\/lv\/wp-json\/wp\/v2\/product_tag?post=5142"}],"curies":[{"name":"wp","href":"https:\/\/api.w.org\/{rel}","templated":true}]}}