{"id":5147,"date":"2024-12-31T20:08:07","date_gmt":"2024-12-31T20:08:07","guid":{"rendered":"https:\/\/storetest.ivi.ee\/product\/callebaut-mycryo-100g\/"},"modified":"2026-02-10T10:19:48","modified_gmt":"2026-02-10T08:19:48","slug":"callebaut-mycryo-100g","status":"publish","type":"product","link":"https:\/\/candeebaar.ee\/lv\/veikals\/callebaut-mycryo-100g\/","title":{"rendered":"Callebaut Mycryo 100g"},"content":{"rendered":"<p>Kakao sviests \u201cMikrio\u201d tiek pla\u0161i izmantots kulin\u0101rij\u0101.<br \/>\nNesatur holester\u012bnu, ir augu izcelsmes 100%.<br \/>\nSast\u0101vs: kakao sviests<br \/>\n100g satur: 100g taukus (no kuriem 60g ir pies\u0101tin\u0101ti)<br \/>\nUzglab\u0101\u0161anas temperat\u016bra: 12-20\u00b0C<br \/>\nLieto\u0161anas temperat\u016bra: l\u012bdz 200\u00b0C<br \/>\nMasa: 100g<br \/>\nRa\u017eot\u0101js: Barry Callebaut, Be\u013c\u0123ija<\/p>","protected":false},"excerpt":{"rendered":"<p>Kakao sviests \u201cMikrio\u201d tiek pla\u0161i izmantots kulin\u0101rij\u0101. Nesatur holester\u012bnu, ir augu izcelsmes 100%. Sast\u0101vs: kakao sviests 100g satur: 100g tauku (no kuriem 60g pies\u0101tin\u0101tie) Uzglab\u0101\u0161anas temperat\u016bra: 12-20\u00b0C Lieto\u0161anas temperat\u016bra: l\u012bdz 200\u00b0C Masa: 100g Ra\u017eot\u0101js: Barry Callebaut Be\u013c\u0123ija<\/p>","protected":false},"featured_media":5149,"template":"","meta":{"_seopress_robots_primary_cat":"none","_seopress_titles_title":"","_seopress_titles_desc":"","_seopress_robots_index":""},"product_brand":[],"product_cat":[15,110],"product_tag":[],"class_list":{"0":"post-5147","1":"product","2":"type-product","3":"status-publish","4":"has-post-thumbnail","6":"product_cat-all-products","7":"product_cat-callebaut","8":"brand-callebaut","10":"first","11":"instock","12":"taxable","13":"shipping-taxable","14":"purchasable","15":"product-type-simple"},"_links":{"self":[{"href":"https:\/\/candeebaar.ee\/lv\/wp-json\/wp\/v2\/product\/5147","targetHints":{"allow":["GET"]}}],"collection":[{"href":"https:\/\/candeebaar.ee\/lv\/wp-json\/wp\/v2\/product"}],"about":[{"href":"https:\/\/candeebaar.ee\/lv\/wp-json\/wp\/v2\/types\/product"}],"version-history":[{"count":1,"href":"https:\/\/candeebaar.ee\/lv\/wp-json\/wp\/v2\/product\/5147\/revisions"}],"predecessor-version":[{"id":5148,"href":"https:\/\/candeebaar.ee\/lv\/wp-json\/wp\/v2\/product\/5147\/revisions\/5148"}],"wp:featuredmedia":[{"embeddable":true,"href":"https:\/\/candeebaar.ee\/lv\/wp-json\/wp\/v2\/media\/5149"}],"wp:attachment":[{"href":"https:\/\/candeebaar.ee\/lv\/wp-json\/wp\/v2\/media?parent=5147"}],"wp:term":[{"taxonomy":"product_brand","embeddable":true,"href":"https:\/\/candeebaar.ee\/lv\/wp-json\/wp\/v2\/product_brand?post=5147"},{"taxonomy":"product_cat","embeddable":true,"href":"https:\/\/candeebaar.ee\/lv\/wp-json\/wp\/v2\/product_cat?post=5147"},{"taxonomy":"product_tag","embeddable":true,"href":"https:\/\/candeebaar.ee\/lv\/wp-json\/wp\/v2\/product_tag?post=5147"}],"curies":[{"name":"wp","href":"https:\/\/api.w.org\/{rel}","templated":true}]}}