{"id":5152,"date":"2024-12-31T20:08:07","date_gmt":"2024-12-31T20:08:07","guid":{"rendered":"https:\/\/storetest.ivi.ee\/product\/nozzle-6m-star-closed\/"},"modified":"2026-01-09T12:42:50","modified_gmt":"2026-01-09T10:42:50","slug":"sprausla-6m-zvaigzne-aizverta","status":"publish","type":"product","link":"https:\/\/candeebaar.ee\/lv\/veikals\/sprausla-6m-zvaigzne-aizverta\/","title":{"rendered":"Sprausla 6M Star aizv\u0113rta"},"content":{"rendered":"<p>Konditorejas uzgalis no ner\u016bs\u0113jo\u0161\u0101 t\u0113rauda (6 punkti).<br \/>\n Izm\u0113rs: 47x30mm<\/p>","protected":false},"excerpt":{"rendered":"<p>Konditorejas uzgalis no ner\u016bs\u0113jo\u0161\u0101 t\u0113rauda (6 punkti). Izm\u0113rs: 47x30mm<\/p>","protected":false},"featured_media":5154,"template":"","meta":{"_seopress_robots_primary_cat":"","_seopress_titles_title":"","_seopress_titles_desc":"","_seopress_robots_index":""},"product_brand":[],"product_cat":[15,119],"product_tag":[],"class_list":{"0":"post-5152","1":"product","2":"type-product","3":"status-publish","4":"has-post-thumbnail","6":"product_cat-all-products","7":"product_cat-closed-star","9":"first","10":"instock","11":"taxable","12":"shipping-taxable","13":"purchasable","14":"product-type-simple"},"_links":{"self":[{"href":"https:\/\/candeebaar.ee\/lv\/wp-json\/wp\/v2\/product\/5152","targetHints":{"allow":["GET"]}}],"collection":[{"href":"https:\/\/candeebaar.ee\/lv\/wp-json\/wp\/v2\/product"}],"about":[{"href":"https:\/\/candeebaar.ee\/lv\/wp-json\/wp\/v2\/types\/product"}],"version-history":[{"count":1,"href":"https:\/\/candeebaar.ee\/lv\/wp-json\/wp\/v2\/product\/5152\/revisions"}],"predecessor-version":[{"id":5153,"href":"https:\/\/candeebaar.ee\/lv\/wp-json\/wp\/v2\/product\/5152\/revisions\/5153"}],"wp:featuredmedia":[{"embeddable":true,"href":"https:\/\/candeebaar.ee\/lv\/wp-json\/wp\/v2\/media\/5154"}],"wp:attachment":[{"href":"https:\/\/candeebaar.ee\/lv\/wp-json\/wp\/v2\/media?parent=5152"}],"wp:term":[{"taxonomy":"product_brand","embeddable":true,"href":"https:\/\/candeebaar.ee\/lv\/wp-json\/wp\/v2\/product_brand?post=5152"},{"taxonomy":"product_cat","embeddable":true,"href":"https:\/\/candeebaar.ee\/lv\/wp-json\/wp\/v2\/product_cat?post=5152"},{"taxonomy":"product_tag","embeddable":true,"href":"https:\/\/candeebaar.ee\/lv\/wp-json\/wp\/v2\/product_tag?post=5152"}],"curies":[{"name":"wp","href":"https:\/\/api.w.org\/{rel}","templated":true}]}}