{"id":5169,"date":"2024-12-31T20:08:07","date_gmt":"2024-12-31T20:08:07","guid":{"rendered":"https:\/\/storetest.ivi.ee\/product\/french-star-nozzle-13mm\/"},"modified":"2026-02-05T14:07:18","modified_gmt":"2026-02-05T12:07:18","slug":"francu-zvaigznes-uzgalis-13mm","status":"publish","type":"product","link":"https:\/\/candeebaar.ee\/lv\/veikals\/francu-zvaigznes-uzgalis-13mm\/","title":{"rendered":"French Star uzgalis 13mm"},"content":{"rendered":"<p>Ner\u016bs\u0113jo\u0161\u0101 t\u0113rauda konditorejas uzgalis.<br \/>\nIzeja: 13 mm<br \/>\nIzm\u0113rs: 47x30mm<\/p>","protected":false},"excerpt":{"rendered":"<p>Ner\u016bs\u0113jo\u0161\u0101 t\u0113rauda konditorejas uzgalis. Izeja: 13mm Izm\u0113rs: 47x30mm<\/p>","protected":false},"featured_media":5171,"template":"","meta":{"_seopress_robots_primary_cat":"","_seopress_titles_title":"","_seopress_titles_desc":"","_seopress_robots_index":""},"product_brand":[],"product_cat":[15,120],"product_tag":[],"class_list":{"0":"post-5169","1":"product","2":"type-product","3":"status-publish","4":"has-post-thumbnail","6":"product_cat-all-products","7":"product_cat-open-star","9":"first","10":"instock","11":"taxable","12":"shipping-taxable","13":"purchasable","14":"product-type-simple"},"_links":{"self":[{"href":"https:\/\/candeebaar.ee\/lv\/wp-json\/wp\/v2\/product\/5169","targetHints":{"allow":["GET"]}}],"collection":[{"href":"https:\/\/candeebaar.ee\/lv\/wp-json\/wp\/v2\/product"}],"about":[{"href":"https:\/\/candeebaar.ee\/lv\/wp-json\/wp\/v2\/types\/product"}],"version-history":[{"count":1,"href":"https:\/\/candeebaar.ee\/lv\/wp-json\/wp\/v2\/product\/5169\/revisions"}],"predecessor-version":[{"id":5170,"href":"https:\/\/candeebaar.ee\/lv\/wp-json\/wp\/v2\/product\/5169\/revisions\/5170"}],"wp:featuredmedia":[{"embeddable":true,"href":"https:\/\/candeebaar.ee\/lv\/wp-json\/wp\/v2\/media\/5171"}],"wp:attachment":[{"href":"https:\/\/candeebaar.ee\/lv\/wp-json\/wp\/v2\/media?parent=5169"}],"wp:term":[{"taxonomy":"product_brand","embeddable":true,"href":"https:\/\/candeebaar.ee\/lv\/wp-json\/wp\/v2\/product_brand?post=5169"},{"taxonomy":"product_cat","embeddable":true,"href":"https:\/\/candeebaar.ee\/lv\/wp-json\/wp\/v2\/product_cat?post=5169"},{"taxonomy":"product_tag","embeddable":true,"href":"https:\/\/candeebaar.ee\/lv\/wp-json\/wp\/v2\/product_tag?post=5169"}],"curies":[{"name":"wp","href":"https:\/\/api.w.org\/{rel}","templated":true}]}}