{"id":5183,"date":"2024-12-31T20:08:07","date_gmt":"2024-12-31T20:08:07","guid":{"rendered":"https:\/\/storetest.ivi.ee\/product\/candy-box-17x17-white-5pcs\/"},"modified":"2024-12-31T20:08:23","modified_gmt":"2024-12-31T20:08:23","slug":"konfeksu-karba-17x17-balta-5-gab","status":"publish","type":"product","link":"https:\/\/candeebaar.ee\/lv\/veikals\/konfeksu-karba-17x17-balta-5-gab\/","title":{"rendered":"Konfek\u0161u kaste 17\u00d717 balta 5 gab."},"content":{"rendered":"<p>Konfek\u0161u k\u0101rba 16 nodal\u012bjumiem ar caursp\u012bd\u012bgu lodzi\u0146u. Komplekt\u0101 ietilpst 5 gab.<br \/>\nIzm\u0113rs: 175 x 175 x 40 mm<br \/>\nMateri\u0101ls: kartons<br \/>\nKr\u0101sa: balta<\/p>","protected":false},"excerpt":{"rendered":"<p>Konfek\u0161u k\u0101rba 16 nodal\u012bjumiem ar caursp\u012bd\u012bgu lodzi\u0146u. Ietver 5 gab. Izm\u0113rs: 175x175x40mm Materi\u0101ls: kartons Kr\u0101sa: balta<\/p>","protected":false},"featured_media":5185,"template":"","meta":{"_seopress_robots_primary_cat":"","_seopress_titles_title":"","_seopress_titles_desc":"","_seopress_robots_index":""},"product_brand":[],"product_cat":[15],"product_tag":[],"class_list":{"0":"post-5183","1":"product","2":"type-product","3":"status-publish","4":"has-post-thumbnail","6":"product_cat-all-products","8":"first","9":"outofstock","10":"taxable","11":"shipping-taxable","12":"purchasable","13":"product-type-simple"},"_links":{"self":[{"href":"https:\/\/candeebaar.ee\/lv\/wp-json\/wp\/v2\/product\/5183","targetHints":{"allow":["GET"]}}],"collection":[{"href":"https:\/\/candeebaar.ee\/lv\/wp-json\/wp\/v2\/product"}],"about":[{"href":"https:\/\/candeebaar.ee\/lv\/wp-json\/wp\/v2\/types\/product"}],"version-history":[{"count":1,"href":"https:\/\/candeebaar.ee\/lv\/wp-json\/wp\/v2\/product\/5183\/revisions"}],"predecessor-version":[{"id":5184,"href":"https:\/\/candeebaar.ee\/lv\/wp-json\/wp\/v2\/product\/5183\/revisions\/5184"}],"wp:featuredmedia":[{"embeddable":true,"href":"https:\/\/candeebaar.ee\/lv\/wp-json\/wp\/v2\/media\/5185"}],"wp:attachment":[{"href":"https:\/\/candeebaar.ee\/lv\/wp-json\/wp\/v2\/media?parent=5183"}],"wp:term":[{"taxonomy":"product_brand","embeddable":true,"href":"https:\/\/candeebaar.ee\/lv\/wp-json\/wp\/v2\/product_brand?post=5183"},{"taxonomy":"product_cat","embeddable":true,"href":"https:\/\/candeebaar.ee\/lv\/wp-json\/wp\/v2\/product_cat?post=5183"},{"taxonomy":"product_tag","embeddable":true,"href":"https:\/\/candeebaar.ee\/lv\/wp-json\/wp\/v2\/product_tag?post=5183"}],"curies":[{"name":"wp","href":"https:\/\/api.w.org\/{rel}","templated":true}]}}