{"id":5195,"date":"2024-12-31T20:08:07","date_gmt":"2024-12-31T20:08:07","guid":{"rendered":"https:\/\/storetest.ivi.ee\/product\/rotating-decorating-turntable-28cm\/"},"modified":"2025-07-11T03:17:48","modified_gmt":"2025-07-11T01:17:48","slug":"rotejoss-dekoresanas-pagrieziena-galds-28cm","status":"publish","type":"product","link":"https:\/\/candeebaar.ee\/lv\/veikals\/rotejoss-dekoresanas-pagrieziena-galds-28cm\/","title":{"rendered":"Rot\u0113jams dekor\u0113\u0161anas pagrieziena galds 28cm"},"content":{"rendered":"<p>Rot\u0113jo\u0161s groz\u0101mais galds k\u016bku dekor\u0113\u0161anai. Uzticama konstrukcija.<br \/>\nDiametrs: 27,5 cm<br \/>\nAugstums: 6,5 cm<br \/>\nMateri\u0101ls: plastmasa<br \/>\nNav piem\u0113rots trauku mazg\u0101jam\u0101m ma\u0161\u012bn\u0101m, ieteicams noslauc\u012bt ar mitru dr\u0101nu, lai nesaboj\u0101tu rot\u0101cijas meh\u0101nismu.<br \/>\nRa\u017eot\u0101js: \u0136\u012bna<\/p>","protected":false},"excerpt":{"rendered":"<p>Rot\u0113jo\u0161s groz\u0101mais galds k\u016bku dekor\u0113\u0161anai. Uzticama konstrukcija. Diametrs: 27,5cm Augstums: 6,5cm Materi\u0101ls: plastmasa Nav piem\u0113rots trauku mazg\u0101jamai ma\u0161\u012bnai, ieteicams noslauc\u012bt ar mitru dr\u0101nu, lai nesaboj\u0101tu rot\u0101cijas meh\u0101nismu. Ra\u017eot\u0101js: \u0136\u012bna<\/p>","protected":false},"featured_media":5197,"template":"","meta":{"_seopress_robots_primary_cat":"","_seopress_titles_title":"","_seopress_titles_desc":"","_seopress_robots_index":""},"product_brand":[],"product_cat":[15,87],"product_tag":[],"class_list":{"0":"post-5195","1":"product","2":"type-product","3":"status-publish","4":"has-post-thumbnail","6":"product_cat-all-products","7":"product_cat-stands","9":"first","10":"outofstock","11":"taxable","12":"shipping-taxable","13":"purchasable","14":"product-type-simple"},"_links":{"self":[{"href":"https:\/\/candeebaar.ee\/lv\/wp-json\/wp\/v2\/product\/5195","targetHints":{"allow":["GET"]}}],"collection":[{"href":"https:\/\/candeebaar.ee\/lv\/wp-json\/wp\/v2\/product"}],"about":[{"href":"https:\/\/candeebaar.ee\/lv\/wp-json\/wp\/v2\/types\/product"}],"version-history":[{"count":1,"href":"https:\/\/candeebaar.ee\/lv\/wp-json\/wp\/v2\/product\/5195\/revisions"}],"predecessor-version":[{"id":5196,"href":"https:\/\/candeebaar.ee\/lv\/wp-json\/wp\/v2\/product\/5195\/revisions\/5196"}],"wp:featuredmedia":[{"embeddable":true,"href":"https:\/\/candeebaar.ee\/lv\/wp-json\/wp\/v2\/media\/5197"}],"wp:attachment":[{"href":"https:\/\/candeebaar.ee\/lv\/wp-json\/wp\/v2\/media?parent=5195"}],"wp:term":[{"taxonomy":"product_brand","embeddable":true,"href":"https:\/\/candeebaar.ee\/lv\/wp-json\/wp\/v2\/product_brand?post=5195"},{"taxonomy":"product_cat","embeddable":true,"href":"https:\/\/candeebaar.ee\/lv\/wp-json\/wp\/v2\/product_cat?post=5195"},{"taxonomy":"product_tag","embeddable":true,"href":"https:\/\/candeebaar.ee\/lv\/wp-json\/wp\/v2\/product_tag?post=5195"}],"curies":[{"name":"wp","href":"https:\/\/api.w.org\/{rel}","templated":true}]}}