{"id":5207,"date":"2024-12-31T20:08:35","date_gmt":"2024-12-31T20:08:35","guid":{"rendered":"https:\/\/storetest.ivi.ee\/product\/immersion-food-thermometer-50-to-300c\/"},"modified":"2026-03-11T10:34:30","modified_gmt":"2026-03-11T08:34:30","slug":"iegremdejamais-partikas-termometrs-50-lidz-300c","status":"publish","type":"product","link":"https:\/\/candeebaar.ee\/lv\/veikals\/iegremdejamais-partikas-termometrs-50-lidz-300c\/","title":{"rendered":"Iegremd\u0113jamais p\u0101rtikas termometrs -50\u00b0 l\u012bdz 300\u00b0C"},"content":{"rendered":"<p>Standarta elektroniskais iegremd\u0113jamais termometrs.<br \/>\nTam ir zonde (14cm) \u0113rtai temperat\u016bras m\u0113r\u012b\u0161anai, iegremd\u0113jot to izstr\u0101d\u0101jum\u0101.<br \/>\nM\u0113r\u012bjumu diapazons: no -50\u00b0 l\u012bdz 300\u00b0C<br \/>\nIek\u013cauts akumulators.<br \/>\nRa\u017eots: \u0136\u012bn\u0101<\/p>","protected":false},"excerpt":{"rendered":"<p>Standarta elektroniskais iegremd\u0113jamais termometrs. Tam ir zonde (14cm) \u0113rtai temperat\u016bras m\u0113r\u012b\u0161anai, iegremd\u0113jot to izstr\u0101d\u0101jum\u0101. M\u0113r\u012bjumu diapazons: no -50\u00b0 l\u012bdz 300\u00b0C Iek\u013cauts akumulators. Ra\u017eots: \u0136\u012bn\u0101<\/p>","protected":false},"featured_media":5209,"template":"","meta":{"_seopress_robots_primary_cat":"","_seopress_titles_title":"","_seopress_titles_desc":"","_seopress_robots_index":""},"product_brand":[],"product_cat":[15,84],"product_tag":[],"class_list":{"0":"post-5207","1":"product","2":"type-product","3":"status-publish","4":"has-post-thumbnail","6":"product_cat-all-products","7":"product_cat-tools","9":"first","10":"instock","11":"taxable","12":"shipping-taxable","13":"purchasable","14":"product-type-simple"},"_links":{"self":[{"href":"https:\/\/candeebaar.ee\/lv\/wp-json\/wp\/v2\/product\/5207","targetHints":{"allow":["GET"]}}],"collection":[{"href":"https:\/\/candeebaar.ee\/lv\/wp-json\/wp\/v2\/product"}],"about":[{"href":"https:\/\/candeebaar.ee\/lv\/wp-json\/wp\/v2\/types\/product"}],"version-history":[{"count":1,"href":"https:\/\/candeebaar.ee\/lv\/wp-json\/wp\/v2\/product\/5207\/revisions"}],"predecessor-version":[{"id":5208,"href":"https:\/\/candeebaar.ee\/lv\/wp-json\/wp\/v2\/product\/5207\/revisions\/5208"}],"wp:featuredmedia":[{"embeddable":true,"href":"https:\/\/candeebaar.ee\/lv\/wp-json\/wp\/v2\/media\/5209"}],"wp:attachment":[{"href":"https:\/\/candeebaar.ee\/lv\/wp-json\/wp\/v2\/media?parent=5207"}],"wp:term":[{"taxonomy":"product_brand","embeddable":true,"href":"https:\/\/candeebaar.ee\/lv\/wp-json\/wp\/v2\/product_brand?post=5207"},{"taxonomy":"product_cat","embeddable":true,"href":"https:\/\/candeebaar.ee\/lv\/wp-json\/wp\/v2\/product_cat?post=5207"},{"taxonomy":"product_tag","embeddable":true,"href":"https:\/\/candeebaar.ee\/lv\/wp-json\/wp\/v2\/product_tag?post=5207"}],"curies":[{"name":"wp","href":"https:\/\/api.w.org\/{rel}","templated":true}]}}