{"id":5210,"date":"2024-12-31T20:08:35","date_gmt":"2024-12-31T20:08:35","guid":{"rendered":"https:\/\/storetest.ivi.ee\/product\/callebaut-zephyr-chocolate-34-200g\/"},"modified":"2025-04-22T09:29:15","modified_gmt":"2025-04-22T07:29:15","slug":"callebaut-zefira-sokolade-34-200g","status":"publish","type":"product","link":"https:\/\/candeebaar.ee\/lv\/veikals\/callebaut-zefira-sokolade-34-200g\/","title":{"rendered":"Callebaut Zephyr Chocolate (34%) 200g"},"content":{"rendered":"<p>Balts p\u0101rkl\u0101jums ar samazin\u0101tu cukura saturu.<br \/>\nKakao saturs 34%.<br \/>\nSast\u0101vda\u013cas: cukurs, kakao sviests, vesels <strong>pienu<\/strong> pulveris, beztauku sauss <strong>pienu<\/strong>, <strong>sojas<\/strong> lecit\u012bns (emulgators)<br \/>\nMasa: 200g<\/p>\n<table style=\"height: 160px; width: 409px;\" width=\"409\">\n<tbody>\n<tr>\n<td style=\"width: 244px;\">Saturs per<\/td>\n<td style=\"width: 150.4px;\">100g<\/td>\n<\/tr>\n<tr>\n<td style=\"width: 244px;\">Uzturv\u0113rt\u012bba<\/td>\n<td style=\"width: 150.4px;\">597 kcal 2500 kJ<\/td>\n<\/tr>\n<tr>\n<td style=\"width: 244px;\">Tauki (no tiem pies\u0101tin\u0101tie)<\/td>\n<td style=\"width: 150.4px;\">42\u00a0g (25\u00a0g)<\/td>\n<\/tr>\n<tr>\n<td style=\"width: 244px;\">Og\u013chidr\u0101ti (cukurs)<\/td>\n<td style=\"width: 150.4px;\">47\u00a0g (47\u00a0g)<\/td>\n<\/tr>\n<tr>\n<td style=\"width: 244px;\">Olbaltumvielas<\/td>\n<td style=\"width: 150.4px;\">7,5\u00a0g<\/td>\n<\/tr>\n<tr>\n<td style=\"width: 244px;\">S\u0101ls<\/td>\n<td style=\"width: 150.4px;\">0,25 g<\/td>\n<\/tr>\n<\/tbody>\n<\/table>\n<p>Uzglab\u0101\u0161anas temperat\u016bra: <strong>12 \u2013 20 \u00b0C<\/strong><br \/>\nRa\u017eot\u0101js: BARRY CALLEBAUT UK<br \/>\nPapildus inform\u0101cija m\u0101jas lap\u0101 <a href=\"https:\/\/www.callebaut.com\/\">callebaut.com<\/a> var atrast, lai uzzin\u0101tu daudzas jaunas receptes un iepaz\u012btos ar vi\u0146u produktiem.<\/p>\n<p>&nbsp;<\/p>","protected":false},"excerpt":{"rendered":"<p>Balts p\u0101rkl\u0101jums ar samazin\u0101tu cukura saturu. Kakao saturs 34%. Sast\u0101vda\u013cas: cukurs, kakao sviests, pilnpiena pulveris, beztauku sausais piens, sojas lecit\u012bns (emulgators) Masa: 200g Saturs uz 100g Uzturv\u0113rt\u012bba 597 kcal 2500 kJ Tauki (no tiem pies\u0101tin\u0101tie) 42g (25g) Og\u013chidr\u0101ti (cukurs)7 45g g. 0,25g Uzglab\u0101\u0161anas temperat\u016bra: 12 \u2013 20 \u00b0C Ra\u017eot\u0101js: [\u2026]<\/p>","protected":false},"featured_media":5212,"template":"","meta":{"_seopress_robots_primary_cat":"none","_seopress_titles_title":"","_seopress_titles_desc":"","_seopress_robots_index":""},"product_brand":[],"product_cat":[15,110],"product_tag":[],"class_list":{"0":"post-5210","1":"product","2":"type-product","3":"status-publish","4":"has-post-thumbnail","6":"product_cat-all-products","7":"product_cat-callebaut","8":"brand-callebaut","10":"first","11":"instock","12":"taxable","13":"shipping-taxable","14":"purchasable","15":"product-type-simple"},"_links":{"self":[{"href":"https:\/\/candeebaar.ee\/lv\/wp-json\/wp\/v2\/product\/5210","targetHints":{"allow":["GET"]}}],"collection":[{"href":"https:\/\/candeebaar.ee\/lv\/wp-json\/wp\/v2\/product"}],"about":[{"href":"https:\/\/candeebaar.ee\/lv\/wp-json\/wp\/v2\/types\/product"}],"version-history":[{"count":3,"href":"https:\/\/candeebaar.ee\/lv\/wp-json\/wp\/v2\/product\/5210\/revisions"}],"predecessor-version":[{"id":11934,"href":"https:\/\/candeebaar.ee\/lv\/wp-json\/wp\/v2\/product\/5210\/revisions\/11934"}],"wp:featuredmedia":[{"embeddable":true,"href":"https:\/\/candeebaar.ee\/lv\/wp-json\/wp\/v2\/media\/5212"}],"wp:attachment":[{"href":"https:\/\/candeebaar.ee\/lv\/wp-json\/wp\/v2\/media?parent=5210"}],"wp:term":[{"taxonomy":"product_brand","embeddable":true,"href":"https:\/\/candeebaar.ee\/lv\/wp-json\/wp\/v2\/product_brand?post=5210"},{"taxonomy":"product_cat","embeddable":true,"href":"https:\/\/candeebaar.ee\/lv\/wp-json\/wp\/v2\/product_cat?post=5210"},{"taxonomy":"product_tag","embeddable":true,"href":"https:\/\/candeebaar.ee\/lv\/wp-json\/wp\/v2\/product_tag?post=5210"}],"curies":[{"name":"wp","href":"https:\/\/api.w.org\/{rel}","templated":true}]}}