{"id":5213,"date":"2024-12-31T20:08:35","date_gmt":"2024-12-31T20:08:35","guid":{"rendered":"https:\/\/storetest.ivi.ee\/product\/silicone-spatula-27cm\/"},"modified":"2026-04-12T10:25:58","modified_gmt":"2026-04-12T08:25:58","slug":"silikona-lapstina-27cm","status":"publish","type":"product","link":"https:\/\/candeebaar.ee\/lv\/veikals\/silikona-lapstina-27cm\/","title":{"rendered":"Silikona l\u0101psti\u0146a 27cm"},"content":{"rendered":"<p>Silikona l\u0101psti\u0146a, karstumiztur\u012bga (l\u012bdz 230\u00b0C).<br \/>\nGarums: 27cm<br \/>\nPlatums: 53mm<br \/>\nMateri\u0101ls: p\u0101rtikas silikons<br \/>\nRa\u017eots: \u0136\u012bn\u0101<\/p>","protected":false},"excerpt":{"rendered":"<p>Silikona l\u0101psti\u0146a, karstumiztur\u012bga (l\u012bdz 230\u00b0C). Garums: 27cm Platums: 53mm Materi\u0101ls: p\u0101rtikas silikons Ra\u017eots: \u0136\u012bn\u0101<\/p>","protected":false},"featured_media":5206,"template":"","meta":{"_seopress_robots_primary_cat":"","_seopress_titles_title":"","_seopress_titles_desc":"","_seopress_robots_index":""},"product_brand":[],"product_cat":[15,84],"product_tag":[],"class_list":{"0":"post-5213","1":"product","2":"type-product","3":"status-publish","4":"has-post-thumbnail","6":"product_cat-all-products","7":"product_cat-tools","9":"first","10":"outofstock","11":"taxable","12":"shipping-taxable","13":"purchasable","14":"product-type-simple"},"_links":{"self":[{"href":"https:\/\/candeebaar.ee\/lv\/wp-json\/wp\/v2\/product\/5213","targetHints":{"allow":["GET"]}}],"collection":[{"href":"https:\/\/candeebaar.ee\/lv\/wp-json\/wp\/v2\/product"}],"about":[{"href":"https:\/\/candeebaar.ee\/lv\/wp-json\/wp\/v2\/types\/product"}],"version-history":[{"count":1,"href":"https:\/\/candeebaar.ee\/lv\/wp-json\/wp\/v2\/product\/5213\/revisions"}],"predecessor-version":[{"id":5214,"href":"https:\/\/candeebaar.ee\/lv\/wp-json\/wp\/v2\/product\/5213\/revisions\/5214"}],"wp:featuredmedia":[{"embeddable":true,"href":"https:\/\/candeebaar.ee\/lv\/wp-json\/wp\/v2\/media\/5206"}],"wp:attachment":[{"href":"https:\/\/candeebaar.ee\/lv\/wp-json\/wp\/v2\/media?parent=5213"}],"wp:term":[{"taxonomy":"product_brand","embeddable":true,"href":"https:\/\/candeebaar.ee\/lv\/wp-json\/wp\/v2\/product_brand?post=5213"},{"taxonomy":"product_cat","embeddable":true,"href":"https:\/\/candeebaar.ee\/lv\/wp-json\/wp\/v2\/product_cat?post=5213"},{"taxonomy":"product_tag","embeddable":true,"href":"https:\/\/candeebaar.ee\/lv\/wp-json\/wp\/v2\/product_tag?post=5213"}],"curies":[{"name":"wp","href":"https:\/\/api.w.org\/{rel}","templated":true}]}}