{"id":5215,"date":"2024-12-31T20:08:35","date_gmt":"2024-12-31T20:08:35","guid":{"rendered":"https:\/\/storetest.ivi.ee\/product\/box-for-6-cupcakes-double-sided-with-window\/"},"modified":"2026-02-03T15:49:43","modified_gmt":"2026-02-03T13:49:43","slug":"kaste-6-keksiem-abpuseja-ar-logu","status":"publish","type":"product","link":"https:\/\/candeebaar.ee\/lv\/veikals\/kaste-6-keksiem-abpuseja-ar-logu\/","title":{"rendered":"Kaste 6 k\u0113ksiem abpus\u0113ja ar logu"},"content":{"rendered":"<p>Cupcake kaste.<br \/>\nTam ir \u012bpa\u0161s ieliktnis, kas dro\u0161i notur k\u016bci\u0146as viet\u0101. Logs no caursp\u012bd\u012bgas plastmasas.<br \/>\nPlatums: 17 cm<br \/>\nGarums: 25 cm<br \/>\nAugstums: 10 cm<br \/>\nKr\u0101sa: balta, kraft<br \/>\nMateri\u0101ls: kartons<br \/>\nViegli saliekams.<\/p>\n<p>&nbsp;<\/p>","protected":false},"excerpt":{"rendered":"<p>Cupcake kaste. Tam ir \u012bpa\u0161s ieliktnis, kas dro\u0161i notur k\u016bci\u0146as viet\u0101. Logs no caursp\u012bd\u012bgas plastmasas. Platums: 17cm Garums: 25cm Augstums: 10cm Kr\u0101sa: balta, kraft Materi\u0101ls: kartons Viegli mont\u0113jams. &nbsp;<\/p>","protected":false},"featured_media":9098,"template":"","meta":{"_seopress_robots_primary_cat":"none","_seopress_titles_title":"","_seopress_titles_desc":"","_seopress_robots_index":""},"product_brand":[],"product_cat":[15,152],"product_tag":[],"class_list":{"0":"post-5215","1":"product","2":"type-product","3":"status-publish","4":"has-post-thumbnail","6":"product_cat-all-products","7":"product_cat-cupcakes","9":"first","10":"outofstock","11":"taxable","12":"shipping-taxable","13":"purchasable","14":"product-type-simple"},"_links":{"self":[{"href":"https:\/\/candeebaar.ee\/lv\/wp-json\/wp\/v2\/product\/5215","targetHints":{"allow":["GET"]}}],"collection":[{"href":"https:\/\/candeebaar.ee\/lv\/wp-json\/wp\/v2\/product"}],"about":[{"href":"https:\/\/candeebaar.ee\/lv\/wp-json\/wp\/v2\/types\/product"}],"version-history":[{"count":2,"href":"https:\/\/candeebaar.ee\/lv\/wp-json\/wp\/v2\/product\/5215\/revisions"}],"predecessor-version":[{"id":9099,"href":"https:\/\/candeebaar.ee\/lv\/wp-json\/wp\/v2\/product\/5215\/revisions\/9099"}],"wp:featuredmedia":[{"embeddable":true,"href":"https:\/\/candeebaar.ee\/lv\/wp-json\/wp\/v2\/media\/9098"}],"wp:attachment":[{"href":"https:\/\/candeebaar.ee\/lv\/wp-json\/wp\/v2\/media?parent=5215"}],"wp:term":[{"taxonomy":"product_brand","embeddable":true,"href":"https:\/\/candeebaar.ee\/lv\/wp-json\/wp\/v2\/product_brand?post=5215"},{"taxonomy":"product_cat","embeddable":true,"href":"https:\/\/candeebaar.ee\/lv\/wp-json\/wp\/v2\/product_cat?post=5215"},{"taxonomy":"product_tag","embeddable":true,"href":"https:\/\/candeebaar.ee\/lv\/wp-json\/wp\/v2\/product_tag?post=5215"}],"curies":[{"name":"wp","href":"https:\/\/api.w.org\/{rel}","templated":true}]}}