{"id":5233,"date":"2024-12-31T20:08:35","date_gmt":"2024-12-31T20:08:35","guid":{"rendered":"https:\/\/storetest.ivi.ee\/product\/mousse-cake-mold-ball-3d\/"},"modified":"2024-12-31T20:08:46","modified_gmt":"2024-12-31T20:08:46","slug":"musa-kukas-veidnes-bumba-3d","status":"publish","type":"product","link":"https:\/\/candeebaar.ee\/lv\/veikals\/musa-kukas-veidnes-bumba-3d\/","title":{"rendered":"Musa k\u016bkas forma \u201cBall 3D\u201d"},"content":{"rendered":"<p>Augstas kvalit\u0101tes \u201cBall 3D\u201d silikona veidne profesion\u0101lai lieto\u0161anai.<br \/>\n \u013bauj izveidot perfektas formas k\u016bku.<br \/>\n Izm\u0113rs: 180 x 95 mm (augstums)<br \/>\n Temperat\u016bra: -60\u00b0C l\u012bdz +230\u00b0C. Piem\u0113rots cep\u0161anai un sald\u0113\u0161anai.<br \/>\nRa\u017eot\u0101js: Silikomart<\/p>","protected":false},"excerpt":{"rendered":"<p>High-quality &#8220;Ball 3D&#8221; silicone mold for professional use. Allows you to create a cake of perfect shape. Size: 180x95mm(height) Temperature: -60\u00b0C to +230\u00b0C. Suitable for baking and freezing. Manufacturer: Silikomart<\/p>","protected":false},"featured_media":5235,"template":"","meta":{"_seopress_robots_primary_cat":"","_seopress_titles_title":"","_seopress_titles_desc":"","_seopress_robots_index":""},"product_brand":[],"product_cat":[15],"product_tag":[],"class_list":{"0":"post-5233","1":"product","2":"type-product","3":"status-publish","4":"has-post-thumbnail","6":"product_cat-all-products","8":"first","9":"outofstock","10":"taxable","11":"shipping-taxable","12":"purchasable","13":"product-type-simple"},"_links":{"self":[{"href":"https:\/\/candeebaar.ee\/lv\/wp-json\/wp\/v2\/product\/5233","targetHints":{"allow":["GET"]}}],"collection":[{"href":"https:\/\/candeebaar.ee\/lv\/wp-json\/wp\/v2\/product"}],"about":[{"href":"https:\/\/candeebaar.ee\/lv\/wp-json\/wp\/v2\/types\/product"}],"version-history":[{"count":1,"href":"https:\/\/candeebaar.ee\/lv\/wp-json\/wp\/v2\/product\/5233\/revisions"}],"predecessor-version":[{"id":5234,"href":"https:\/\/candeebaar.ee\/lv\/wp-json\/wp\/v2\/product\/5233\/revisions\/5234"}],"wp:featuredmedia":[{"embeddable":true,"href":"https:\/\/candeebaar.ee\/lv\/wp-json\/wp\/v2\/media\/5235"}],"wp:attachment":[{"href":"https:\/\/candeebaar.ee\/lv\/wp-json\/wp\/v2\/media?parent=5233"}],"wp:term":[{"taxonomy":"product_brand","embeddable":true,"href":"https:\/\/candeebaar.ee\/lv\/wp-json\/wp\/v2\/product_brand?post=5233"},{"taxonomy":"product_cat","embeddable":true,"href":"https:\/\/candeebaar.ee\/lv\/wp-json\/wp\/v2\/product_cat?post=5233"},{"taxonomy":"product_tag","embeddable":true,"href":"https:\/\/candeebaar.ee\/lv\/wp-json\/wp\/v2\/product_tag?post=5233"}],"curies":[{"name":"wp","href":"https:\/\/api.w.org\/{rel}","templated":true}]}}