{"id":5239,"date":"2024-12-31T20:08:35","date_gmt":"2024-12-31T20:08:35","guid":{"rendered":"https:\/\/storetest.ivi.ee\/product\/silikomart-velvet-150ml-brown\/"},"modified":"2024-12-31T20:08:47","modified_gmt":"2024-12-31T20:08:47","slug":"silikomart-velvet-150ml-bruns","status":"publish","type":"product","link":"https:\/\/candeebaar.ee\/lv\/veikals\/silikomart-velvet-150ml-bruns\/","title":{"rendered":"Silikomart Velvet 150ml br\u016bns"},"content":{"rendered":"<p>Samta aerosols desertu p\u0101rkl\u0101\u0161anai. Profesion\u0101lai lieto\u0161anai.<br \/>\nSast\u0101vs: kakao sviests, gaisto\u0161as g\u0101zes (E943a, E944, E943b), saulespu\u0137u e\u013c\u013ca, p\u0101rtikas kr\u0101svielas (E129, E102, E133)<br \/>\n100g satur: 100g taukus (no kuriem 60g ir pies\u0101tin\u0101ti)<br \/>\nUzglab\u0101\u0161anas temperat\u016bra: 15-25\u00b0C<br \/>\nLieto\u0161anas temperat\u016bra: 25-35\u00b0C<br \/>\nTilpums: 150ml<br \/>\nRa\u017eot\u0101js: Silikomart Italy<\/p>","protected":false},"excerpt":{"rendered":"<p>Samta aerosols desertu p\u0101rkl\u0101\u0161anai. Profesion\u0101lai lieto\u0161anai. Sast\u0101vs: kakao sviests, gaisto\u0161\u0101s g\u0101zes (E943a, E944, E943b), saulespu\u0137u e\u013c\u013ca, p\u0101rtikas kr\u0101svielas (E129, E102, E133) 100g satur: 100g taukus (no kuriem 60g ir pies\u0101tin\u0101ti) Uzglab\u0101\u0161anas temperat\u016bra: 15-25\u00b0C Uzglab\u0101\u0161anas temperat\u016bra: 15-25\u00b0C:25\u00b0C. 150ml Ra\u017eot\u0101js: Silikomart Italy<\/p>","protected":false},"featured_media":5241,"template":"","meta":{"_seopress_robots_primary_cat":"","_seopress_titles_title":"","_seopress_titles_desc":"","_seopress_robots_index":""},"product_brand":[],"product_cat":[15],"product_tag":[],"class_list":{"0":"post-5239","1":"product","2":"type-product","3":"status-publish","4":"has-post-thumbnail","6":"product_cat-all-products","8":"first","9":"outofstock","10":"taxable","11":"shipping-taxable","12":"purchasable","13":"product-type-simple"},"_links":{"self":[{"href":"https:\/\/candeebaar.ee\/lv\/wp-json\/wp\/v2\/product\/5239","targetHints":{"allow":["GET"]}}],"collection":[{"href":"https:\/\/candeebaar.ee\/lv\/wp-json\/wp\/v2\/product"}],"about":[{"href":"https:\/\/candeebaar.ee\/lv\/wp-json\/wp\/v2\/types\/product"}],"version-history":[{"count":1,"href":"https:\/\/candeebaar.ee\/lv\/wp-json\/wp\/v2\/product\/5239\/revisions"}],"predecessor-version":[{"id":5240,"href":"https:\/\/candeebaar.ee\/lv\/wp-json\/wp\/v2\/product\/5239\/revisions\/5240"}],"wp:featuredmedia":[{"embeddable":true,"href":"https:\/\/candeebaar.ee\/lv\/wp-json\/wp\/v2\/media\/5241"}],"wp:attachment":[{"href":"https:\/\/candeebaar.ee\/lv\/wp-json\/wp\/v2\/media?parent=5239"}],"wp:term":[{"taxonomy":"product_brand","embeddable":true,"href":"https:\/\/candeebaar.ee\/lv\/wp-json\/wp\/v2\/product_brand?post=5239"},{"taxonomy":"product_cat","embeddable":true,"href":"https:\/\/candeebaar.ee\/lv\/wp-json\/wp\/v2\/product_cat?post=5239"},{"taxonomy":"product_tag","embeddable":true,"href":"https:\/\/candeebaar.ee\/lv\/wp-json\/wp\/v2\/product_tag?post=5239"}],"curies":[{"name":"wp","href":"https:\/\/api.w.org\/{rel}","templated":true}]}}