{"id":5248,"date":"2024-12-31T20:08:35","date_gmt":"2024-12-31T20:08:35","guid":{"rendered":"https:\/\/storetest.ivi.ee\/product\/cake-wire-cutter-29x9cm\/"},"modified":"2026-02-12T11:29:13","modified_gmt":"2026-02-12T09:29:13","slug":"kukas-stieplu-griezejs-29x9cm","status":"publish","type":"product","link":"https:\/\/candeebaar.ee\/lv\/veikals\/kukas-stieplu-griezejs-29x9cm\/","title":{"rendered":"K\u016bku stiep\u013cu griez\u0113js 29x9cm"},"content":{"rendered":"<p>Nazis ir paredz\u0113ts \u0113rtai un vienm\u0113r\u012bgai k\u016bkas grie\u0161anai. Augstumu var regul\u0113t, pateicoties kust\u012bg\u0101m stiepl\u0113m (komplekt\u0101 2 da\u013cas). Var mazg\u0101t trauku mazg\u0101jam\u0101 ma\u0161\u012bn\u0101. Materi\u0101ls: ner\u016bs\u0113jo\u0161ais t\u0113rauds<br \/>\nRa\u017eots \u0136\u012bn\u0101<\/p>","protected":false},"excerpt":{"rendered":"<p>Nazis ir paredz\u0113ts \u0113rtai un vienm\u0113r\u012bgai k\u016bkas grie\u0161anai. Augstumu var regul\u0113t, pateicoties kust\u012bg\u0101m stiepl\u0113m (komplekt\u0101 2 da\u013cas). Var mazg\u0101t trauku mazg\u0101jam\u0101 ma\u0161\u012bn\u0101. Materi\u0101ls: ner\u016bs\u0113jo\u0161ais t\u0113rauds. Ra\u017eots \u0136\u012bn\u0101.<\/p>","protected":false},"featured_media":5250,"template":"","meta":{"_seopress_robots_primary_cat":"none","_seopress_titles_title":"","_seopress_titles_desc":"","_seopress_robots_index":""},"product_brand":[],"product_cat":[15,84],"product_tag":[],"class_list":{"0":"post-5248","1":"product","2":"type-product","3":"status-publish","4":"has-post-thumbnail","6":"product_cat-all-products","7":"product_cat-tools","9":"first","10":"outofstock","11":"taxable","12":"shipping-taxable","13":"purchasable","14":"product-type-simple"},"_links":{"self":[{"href":"https:\/\/candeebaar.ee\/lv\/wp-json\/wp\/v2\/product\/5248","targetHints":{"allow":["GET"]}}],"collection":[{"href":"https:\/\/candeebaar.ee\/lv\/wp-json\/wp\/v2\/product"}],"about":[{"href":"https:\/\/candeebaar.ee\/lv\/wp-json\/wp\/v2\/types\/product"}],"version-history":[{"count":2,"href":"https:\/\/candeebaar.ee\/lv\/wp-json\/wp\/v2\/product\/5248\/revisions"}],"predecessor-version":[{"id":12246,"href":"https:\/\/candeebaar.ee\/lv\/wp-json\/wp\/v2\/product\/5248\/revisions\/12246"}],"wp:featuredmedia":[{"embeddable":true,"href":"https:\/\/candeebaar.ee\/lv\/wp-json\/wp\/v2\/media\/5250"}],"wp:attachment":[{"href":"https:\/\/candeebaar.ee\/lv\/wp-json\/wp\/v2\/media?parent=5248"}],"wp:term":[{"taxonomy":"product_brand","embeddable":true,"href":"https:\/\/candeebaar.ee\/lv\/wp-json\/wp\/v2\/product_brand?post=5248"},{"taxonomy":"product_cat","embeddable":true,"href":"https:\/\/candeebaar.ee\/lv\/wp-json\/wp\/v2\/product_cat?post=5248"},{"taxonomy":"product_tag","embeddable":true,"href":"https:\/\/candeebaar.ee\/lv\/wp-json\/wp\/v2\/product_tag?post=5248"}],"curies":[{"name":"wp","href":"https:\/\/api.w.org\/{rel}","templated":true}]}}