{"id":5267,"date":"2024-12-31T20:08:54","date_gmt":"2024-12-31T20:08:54","guid":{"rendered":"https:\/\/storetest.ivi.ee\/product\/callebaut-crispearls-mona-lisa-ruby-100g\/"},"modified":"2026-04-08T12:02:49","modified_gmt":"2026-04-08T10:02:49","slug":"callebaut-crispearls-mona-lisa-rubins-100g","status":"publish","type":"product","link":"https:\/\/candeebaar.ee\/lv\/veikals\/callebaut-crispearls-mona-lisa-rubins-100g\/","title":{"rendered":"Callebaut Crispearls \u201cMona Lisa\u201d Ruby 100g"},"content":{"rendered":"<p>Krauk\u0161\u0137\u012bgas dra\u017eejas Ruby Callebaut \u0161okol\u0101d\u0113.<br \/>\nLieliska dekor\u0101cija jebkuram desertam.<br \/>\nSast\u0101vs:<br \/>\nBalt\u0101 \u0161okol\u0101de 84% (cukurs, kakao sviests, kakao pulveris, sauss <strong>pienu<\/strong>, <strong>pienu<\/strong> s\u016bkalas, emulgators: sojas lecit\u012bns, vanil\u012bns, E330)<br \/>\nKrauk\u0161\u0137\u012bg\u0101s p\u0101rslas (<strong>kvie\u0161i<\/strong> milti, cukurs, <strong>kvie\u0161i<\/strong> iesala milti, <strong>kvie\u0161i<\/strong> ciete, E500ii, s\u0101ls, kakao sviests, vanil\u012bns)<br \/>\nGlikozes s\u012brups, E414,<br \/>\nBumbi\u0146as izm\u0113rs \u2248 5 mm<br \/>\nMasa: 100g<br \/>\nRa\u017eot\u0101js: Callebaut, Be\u013c\u0123ija<\/p>","protected":false},"excerpt":{"rendered":"<p>Krauk\u0161\u0137\u012bgas dra\u017eejas Ruby Callebaut \u0161okol\u0101d\u0113. Lieliska dekor\u0101cija jebkuram desertam. Sast\u0101vs: Balt\u0101 \u0161okol\u0101de 84% (cukurs, kakao sviests, kakao pulveris, sausais piens, piena s\u016bkalas, emulgators: sojas lecit\u012bns, vanil\u012bns, E330) Krauk\u0161\u0137\u012bg\u0101s p\u0101rslas (kvie\u0161u milti, cukurs, kvie\u0161u iesala milti, kvie\u0161u ciete, E500ii, s\u0101ls, kakao s\u012brups, E500ii, s\u0101ls, kakao s\u012brups, E4 izm\u0113rs, E4 \u2248 5 mm Masa: 100 g Ra\u017eot\u0101js: [\u2026]<\/p>","protected":false},"featured_media":5266,"template":"","meta":{"_seopress_robots_primary_cat":"none","_seopress_titles_title":"","_seopress_titles_desc":"","_seopress_robots_index":""},"product_brand":[],"product_cat":[15,110,104],"product_tag":[],"class_list":{"0":"post-5267","1":"product","2":"type-product","3":"status-publish","4":"has-post-thumbnail","6":"product_cat-all-products","7":"product_cat-callebaut","8":"product_cat-sprinkles","9":"brand-callebaut","11":"first","12":"instock","13":"taxable","14":"shipping-taxable","15":"purchasable","16":"product-type-simple"},"_links":{"self":[{"href":"https:\/\/candeebaar.ee\/lv\/wp-json\/wp\/v2\/product\/5267","targetHints":{"allow":["GET"]}}],"collection":[{"href":"https:\/\/candeebaar.ee\/lv\/wp-json\/wp\/v2\/product"}],"about":[{"href":"https:\/\/candeebaar.ee\/lv\/wp-json\/wp\/v2\/types\/product"}],"version-history":[{"count":2,"href":"https:\/\/candeebaar.ee\/lv\/wp-json\/wp\/v2\/product\/5267\/revisions"}],"predecessor-version":[{"id":14819,"href":"https:\/\/candeebaar.ee\/lv\/wp-json\/wp\/v2\/product\/5267\/revisions\/14819"}],"wp:featuredmedia":[{"embeddable":true,"href":"https:\/\/candeebaar.ee\/lv\/wp-json\/wp\/v2\/media\/5266"}],"wp:attachment":[{"href":"https:\/\/candeebaar.ee\/lv\/wp-json\/wp\/v2\/media?parent=5267"}],"wp:term":[{"taxonomy":"product_brand","embeddable":true,"href":"https:\/\/candeebaar.ee\/lv\/wp-json\/wp\/v2\/product_brand?post=5267"},{"taxonomy":"product_cat","embeddable":true,"href":"https:\/\/candeebaar.ee\/lv\/wp-json\/wp\/v2\/product_cat?post=5267"},{"taxonomy":"product_tag","embeddable":true,"href":"https:\/\/candeebaar.ee\/lv\/wp-json\/wp\/v2\/product_tag?post=5267"}],"curies":[{"name":"wp","href":"https:\/\/api.w.org\/{rel}","templated":true}]}}