{"id":5279,"date":"2024-12-31T20:08:54","date_gmt":"2024-12-31T20:08:54","guid":{"rendered":"https:\/\/storetest.ivi.ee\/product\/silicone-candy-mold-27x23cm\/"},"modified":"2024-12-31T20:09:01","modified_gmt":"2024-12-31T20:09:01","slug":"silikona-konfeksu-veidne-27x23-cm","status":"publish","type":"product","link":"https:\/\/candeebaar.ee\/lv\/veikals\/silikona-konfeksu-veidne-27x23-cm\/","title":{"rendered":"Silikona konfek\u0161u veidne 27x23cm"},"content":{"rendered":"<p>Silikona veidne konfekt\u0113m.<br \/>\nIztur temperat\u016bru no -40\u00b0C l\u012bdz 250\u00b0C.<br \/>\nIzm\u0113rs: 27 x 23 cm, dzi\u013cums: 15 mm<br \/>\n\u0160\u016bnas izm\u0113rs: 2 \u00d7 2, 3 \u00d7 3, 3,5 \u00d7 2 cm<br \/>\nRa\u017eots \u0136\u012bn\u0101<\/p>","protected":false},"excerpt":{"rendered":"<p>Silicone mold for candies. Withstands temperatures from -40\u00b0C to 250\u00b0C. Size: 27x23cm, depth: 15mm Cell size: 2&#215;2, 3&#215;3, 3.5x2cm Manufactured in China<\/p>","protected":false},"featured_media":5281,"template":"","meta":{"_seopress_robots_primary_cat":"","_seopress_titles_title":"","_seopress_titles_desc":"","_seopress_robots_index":""},"product_brand":[],"product_cat":[15],"product_tag":[],"class_list":{"0":"post-5279","1":"product","2":"type-product","3":"status-publish","4":"has-post-thumbnail","6":"product_cat-all-products","8":"first","9":"outofstock","10":"taxable","11":"shipping-taxable","12":"purchasable","13":"product-type-simple"},"_links":{"self":[{"href":"https:\/\/candeebaar.ee\/lv\/wp-json\/wp\/v2\/product\/5279","targetHints":{"allow":["GET"]}}],"collection":[{"href":"https:\/\/candeebaar.ee\/lv\/wp-json\/wp\/v2\/product"}],"about":[{"href":"https:\/\/candeebaar.ee\/lv\/wp-json\/wp\/v2\/types\/product"}],"version-history":[{"count":1,"href":"https:\/\/candeebaar.ee\/lv\/wp-json\/wp\/v2\/product\/5279\/revisions"}],"predecessor-version":[{"id":5280,"href":"https:\/\/candeebaar.ee\/lv\/wp-json\/wp\/v2\/product\/5279\/revisions\/5280"}],"wp:featuredmedia":[{"embeddable":true,"href":"https:\/\/candeebaar.ee\/lv\/wp-json\/wp\/v2\/media\/5281"}],"wp:attachment":[{"href":"https:\/\/candeebaar.ee\/lv\/wp-json\/wp\/v2\/media?parent=5279"}],"wp:term":[{"taxonomy":"product_brand","embeddable":true,"href":"https:\/\/candeebaar.ee\/lv\/wp-json\/wp\/v2\/product_brand?post=5279"},{"taxonomy":"product_cat","embeddable":true,"href":"https:\/\/candeebaar.ee\/lv\/wp-json\/wp\/v2\/product_cat?post=5279"},{"taxonomy":"product_tag","embeddable":true,"href":"https:\/\/candeebaar.ee\/lv\/wp-json\/wp\/v2\/product_tag?post=5279"}],"curies":[{"name":"wp","href":"https:\/\/api.w.org\/{rel}","templated":true}]}}