{"id":5285,"date":"2024-12-31T20:08:54","date_gmt":"2024-12-31T20:08:54","guid":{"rendered":"https:\/\/storetest.ivi.ee\/product\/tart-mold-kit-tarte-ring-square-silikomart\/"},"modified":"2025-01-02T19:29:48","modified_gmt":"2025-01-02T19:29:48","slug":"tartes-veidnu-komplekts-tarte-gredzens-kvadratveida-silikomart","status":"publish","type":"product","link":"https:\/\/candeebaar.ee\/lv\/veikals\/tartes-veidnu-komplekts-tarte-gredzens-kvadratveida-silikomart\/","title":{"rendered":"Tortes veidne \u201cKit Tarte Ring Square\u201d Silikomart"},"content":{"rendered":"<p>Augstas kvalit\u0101tes Kit Tarte Ring Square komplekts tart\u0113m.<br \/>\nRada m\u016bsdien\u012bgas unik\u0101la izskata tortes.<br \/>\nKomplekts sast\u0101v no 6 perfor\u0113t\u0101m met\u0101la veidn\u0113m pamatnes cep\u0161anai un silikona da\u013cas putu dekor\u0113\u0161anai pa virsu.<br \/>\nMet\u0101la izm\u0113rs. Izm\u0113ri: 80x80x20mm (augstums)<br \/>\nSilikona da\u013cas izm\u0113rs (1\/6): 67x67x15mm (augstums)<br \/>\nTilpums: 1200ml<br \/>\nTemperat\u016bra: -60\u00b0C l\u012bdz +230\u00b0C. Piem\u0113rots cep\u0161anai un sald\u0113\u0161anai.<br \/>\nRa\u017eot\u0101js: Silikomart<\/p>","protected":false},"excerpt":{"rendered":"<p>Augstas kvalit\u0101tes Kit Tarte Ring Square komplekts tart\u0113m. Rada m\u016bsdien\u012bgas unik\u0101la izskata tortes. Komplekts sast\u0101v no 6 perfor\u0113t\u0101m met\u0101la veidn\u0113m pamatnes cep\u0161anai un silikona da\u013cas putu dekor\u0113\u0161anai virs\u016b. Met\u0101la izm\u0113rs. Izm\u0113ri: 80x80x20mm (augstums) Silikona da\u013cas izm\u0113rs (1\/6): 67x67x15mm (augstums) Tilpums: 1200ml Temperat\u016bra: -60\u00b0C l\u012bdz +230\u00b0C. [\u2026]<\/p>","protected":false},"featured_media":5287,"template":"","meta":{"_seopress_robots_primary_cat":"","_seopress_titles_title":"","_seopress_titles_desc":"","_seopress_robots_index":""},"product_brand":[],"product_cat":[15,118,123],"product_tag":[],"class_list":{"0":"post-5285","1":"product","2":"type-product","3":"status-publish","4":"has-post-thumbnail","6":"product_cat-all-products","7":"product_cat-silicone-and-plastic","8":"product_cat-geometry","10":"first","11":"instock","12":"sale","13":"taxable","14":"shipping-taxable","15":"purchasable","16":"product-type-simple"},"_links":{"self":[{"href":"https:\/\/candeebaar.ee\/lv\/wp-json\/wp\/v2\/product\/5285","targetHints":{"allow":["GET"]}}],"collection":[{"href":"https:\/\/candeebaar.ee\/lv\/wp-json\/wp\/v2\/product"}],"about":[{"href":"https:\/\/candeebaar.ee\/lv\/wp-json\/wp\/v2\/types\/product"}],"version-history":[{"count":1,"href":"https:\/\/candeebaar.ee\/lv\/wp-json\/wp\/v2\/product\/5285\/revisions"}],"predecessor-version":[{"id":5286,"href":"https:\/\/candeebaar.ee\/lv\/wp-json\/wp\/v2\/product\/5285\/revisions\/5286"}],"wp:featuredmedia":[{"embeddable":true,"href":"https:\/\/candeebaar.ee\/lv\/wp-json\/wp\/v2\/media\/5287"}],"wp:attachment":[{"href":"https:\/\/candeebaar.ee\/lv\/wp-json\/wp\/v2\/media?parent=5285"}],"wp:term":[{"taxonomy":"product_brand","embeddable":true,"href":"https:\/\/candeebaar.ee\/lv\/wp-json\/wp\/v2\/product_brand?post=5285"},{"taxonomy":"product_cat","embeddable":true,"href":"https:\/\/candeebaar.ee\/lv\/wp-json\/wp\/v2\/product_cat?post=5285"},{"taxonomy":"product_tag","embeddable":true,"href":"https:\/\/candeebaar.ee\/lv\/wp-json\/wp\/v2\/product_tag?post=5285"}],"curies":[{"name":"wp","href":"https:\/\/api.w.org\/{rel}","templated":true}]}}