{"id":5295,"date":"2024-12-31T20:08:54","date_gmt":"2024-12-31T20:08:54","guid":{"rendered":"https:\/\/storetest.ivi.ee\/product\/yellow-satin-ribbon-1cm-23m\/"},"modified":"2026-04-07T11:00:16","modified_gmt":"2026-04-07T09:00:16","slug":"dzeltena-satina-lente-1cm-23m","status":"publish","type":"product","link":"https:\/\/candeebaar.ee\/lv\/veikals\/dzeltena-satina-lente-1cm-23m\/","title":{"rendered":"Dzeltena sat\u012bna lente 1cm (23m)"},"content":{"rendered":"<p>Sat\u012bna lente ir lieliski piem\u0113rota d\u0101vanu iesai\u0146o\u0161anai.<br \/>\nKr\u0101sa: dzeltena<br \/>\nPlatums: 10mm<br \/>\nGarums: 23m<\/p>","protected":false},"excerpt":{"rendered":"<p>Sat\u012bna lente ir lieliski piem\u0113rota d\u0101vanu iesai\u0146o\u0161anai. Kr\u0101sa: dzeltena Platums: 10mm Garums: 23m<\/p>","protected":false},"featured_media":5297,"template":"","meta":{"_seopress_robots_primary_cat":"none","_seopress_titles_title":"","_seopress_titles_desc":"","_seopress_robots_index":""},"product_brand":[],"product_cat":[15,91],"product_tag":[],"class_list":{"0":"post-5295","1":"product","2":"type-product","3":"status-publish","4":"has-post-thumbnail","6":"product_cat-all-products","7":"product_cat-satin-ribbons","9":"first","10":"instock","11":"sale","12":"taxable","13":"shipping-taxable","14":"purchasable","15":"product-type-simple"},"_links":{"self":[{"href":"https:\/\/candeebaar.ee\/lv\/wp-json\/wp\/v2\/product\/5295","targetHints":{"allow":["GET"]}}],"collection":[{"href":"https:\/\/candeebaar.ee\/lv\/wp-json\/wp\/v2\/product"}],"about":[{"href":"https:\/\/candeebaar.ee\/lv\/wp-json\/wp\/v2\/types\/product"}],"version-history":[{"count":1,"href":"https:\/\/candeebaar.ee\/lv\/wp-json\/wp\/v2\/product\/5295\/revisions"}],"predecessor-version":[{"id":5296,"href":"https:\/\/candeebaar.ee\/lv\/wp-json\/wp\/v2\/product\/5295\/revisions\/5296"}],"wp:featuredmedia":[{"embeddable":true,"href":"https:\/\/candeebaar.ee\/lv\/wp-json\/wp\/v2\/media\/5297"}],"wp:attachment":[{"href":"https:\/\/candeebaar.ee\/lv\/wp-json\/wp\/v2\/media?parent=5295"}],"wp:term":[{"taxonomy":"product_brand","embeddable":true,"href":"https:\/\/candeebaar.ee\/lv\/wp-json\/wp\/v2\/product_brand?post=5295"},{"taxonomy":"product_cat","embeddable":true,"href":"https:\/\/candeebaar.ee\/lv\/wp-json\/wp\/v2\/product_cat?post=5295"},{"taxonomy":"product_tag","embeddable":true,"href":"https:\/\/candeebaar.ee\/lv\/wp-json\/wp\/v2\/product_tag?post=5295"}],"curies":[{"name":"wp","href":"https:\/\/api.w.org\/{rel}","templated":true}]}}