{"id":5307,"date":"2024-12-31T20:08:54","date_gmt":"2024-12-31T20:08:54","guid":{"rendered":"https:\/\/storetest.ivi.ee\/product\/pink-satin-ribbon-1cm-23m\/"},"modified":"2026-02-23T22:30:50","modified_gmt":"2026-02-23T20:30:50","slug":"roza-satina-lente-1cm-23m","status":"publish","type":"product","link":"https:\/\/candeebaar.ee\/lv\/veikals\/roza-satina-lente-1cm-23m\/","title":{"rendered":"Roz\u0101 sat\u012bna lente 1cm (23m)"},"content":{"rendered":"<p>Sat\u012bna lente ir lieliski piem\u0113rota d\u0101vanu iesai\u0146o\u0161anai.<br \/>\nKr\u0101sa: roz\u0101<br \/>\nPlatums: 10mm<br \/>\nGarums: 23m<\/p>","protected":false},"excerpt":{"rendered":"<p>Sat\u012bna lente ir lieliski piem\u0113rota d\u0101vanu iesai\u0146o\u0161anai. Kr\u0101sa: roz\u0101 Platums: 10mm Garums: 23m<\/p>","protected":false},"featured_media":5302,"template":"","meta":{"_seopress_robots_primary_cat":"","_seopress_titles_title":"","_seopress_titles_desc":"","_seopress_robots_index":""},"product_brand":[],"product_cat":[183,15,91],"product_tag":[],"class_list":{"0":"post-5307","1":"product","2":"type-product","3":"status-publish","4":"has-post-thumbnail","6":"product_cat-valentines-day","7":"product_cat-all-products","8":"product_cat-satin-ribbons","10":"first","11":"instock","12":"taxable","13":"shipping-taxable","14":"purchasable","15":"product-type-simple"},"_links":{"self":[{"href":"https:\/\/candeebaar.ee\/lv\/wp-json\/wp\/v2\/product\/5307","targetHints":{"allow":["GET"]}}],"collection":[{"href":"https:\/\/candeebaar.ee\/lv\/wp-json\/wp\/v2\/product"}],"about":[{"href":"https:\/\/candeebaar.ee\/lv\/wp-json\/wp\/v2\/types\/product"}],"version-history":[{"count":1,"href":"https:\/\/candeebaar.ee\/lv\/wp-json\/wp\/v2\/product\/5307\/revisions"}],"predecessor-version":[{"id":5308,"href":"https:\/\/candeebaar.ee\/lv\/wp-json\/wp\/v2\/product\/5307\/revisions\/5308"}],"wp:featuredmedia":[{"embeddable":true,"href":"https:\/\/candeebaar.ee\/lv\/wp-json\/wp\/v2\/media\/5302"}],"wp:attachment":[{"href":"https:\/\/candeebaar.ee\/lv\/wp-json\/wp\/v2\/media?parent=5307"}],"wp:term":[{"taxonomy":"product_brand","embeddable":true,"href":"https:\/\/candeebaar.ee\/lv\/wp-json\/wp\/v2\/product_brand?post=5307"},{"taxonomy":"product_cat","embeddable":true,"href":"https:\/\/candeebaar.ee\/lv\/wp-json\/wp\/v2\/product_cat?post=5307"},{"taxonomy":"product_tag","embeddable":true,"href":"https:\/\/candeebaar.ee\/lv\/wp-json\/wp\/v2\/product_tag?post=5307"}],"curies":[{"name":"wp","href":"https:\/\/api.w.org\/{rel}","templated":true}]}}