{"id":5347,"date":"2024-12-31T20:09:19","date_gmt":"2024-12-31T20:09:19","guid":{"rendered":"https:\/\/storetest.ivi.ee\/product\/decorating-nozzle-4mm\/"},"modified":"2025-11-19T10:05:44","modified_gmt":"2025-11-19T08:05:44","slug":"dekoresanas-uzgalis-4mm","status":"publish","type":"product","link":"https:\/\/candeebaar.ee\/lv\/veikals\/dekoresanas-uzgalis-4mm\/","title":{"rendered":"Dekor\u0113\u0161anas uzgalis 4mm"},"content":{"rendered":"<p>Konditorejas uzgalis dekor\u0113\u0161anai ar glaz\u016bru, \u0161okol\u0101di u.c.<br \/>\nIzm\u0113rs: 20x35mm<br \/>\nIzeja: 4mm<br \/>\nMateri\u0101ls: ner\u016bs\u0113jo\u0161ais t\u0113rauds<br \/>\nRa\u017eot\u0101js: Koreja<\/p>","protected":false},"excerpt":{"rendered":"<p>Konditorejas uzgalis dekor\u0113\u0161anai ar glaz\u016bru, \u0161okol\u0101di utt. Izm\u0113rs: 20x35mm Izlaide: 4mm Materi\u0101ls: ner\u016bs\u0113jo\u0161ais t\u0113rauds Ra\u017eot\u0101js: Korea<\/p>","protected":false},"featured_media":5344,"template":"","meta":{"_seopress_robots_primary_cat":"","_seopress_titles_title":"","_seopress_titles_desc":"","_seopress_robots_index":""},"product_brand":[],"product_cat":[15,121,109],"product_tag":[],"class_list":{"0":"post-5347","1":"product","2":"type-product","3":"status-publish","4":"has-post-thumbnail","6":"product_cat-all-products","7":"product_cat-round","8":"product_cat-sale","10":"first","11":"instock","12":"sale","13":"taxable","14":"shipping-taxable","15":"purchasable","16":"product-type-simple"},"_links":{"self":[{"href":"https:\/\/candeebaar.ee\/lv\/wp-json\/wp\/v2\/product\/5347","targetHints":{"allow":["GET"]}}],"collection":[{"href":"https:\/\/candeebaar.ee\/lv\/wp-json\/wp\/v2\/product"}],"about":[{"href":"https:\/\/candeebaar.ee\/lv\/wp-json\/wp\/v2\/types\/product"}],"version-history":[{"count":1,"href":"https:\/\/candeebaar.ee\/lv\/wp-json\/wp\/v2\/product\/5347\/revisions"}],"predecessor-version":[{"id":5348,"href":"https:\/\/candeebaar.ee\/lv\/wp-json\/wp\/v2\/product\/5347\/revisions\/5348"}],"wp:featuredmedia":[{"embeddable":true,"href":"https:\/\/candeebaar.ee\/lv\/wp-json\/wp\/v2\/media\/5344"}],"wp:attachment":[{"href":"https:\/\/candeebaar.ee\/lv\/wp-json\/wp\/v2\/media?parent=5347"}],"wp:term":[{"taxonomy":"product_brand","embeddable":true,"href":"https:\/\/candeebaar.ee\/lv\/wp-json\/wp\/v2\/product_brand?post=5347"},{"taxonomy":"product_cat","embeddable":true,"href":"https:\/\/candeebaar.ee\/lv\/wp-json\/wp\/v2\/product_cat?post=5347"},{"taxonomy":"product_tag","embeddable":true,"href":"https:\/\/candeebaar.ee\/lv\/wp-json\/wp\/v2\/product_tag?post=5347"}],"curies":[{"name":"wp","href":"https:\/\/api.w.org\/{rel}","templated":true}]}}