{"id":5349,"date":"2024-12-31T20:09:19","date_gmt":"2024-12-31T20:09:19","guid":{"rendered":"https:\/\/storetest.ivi.ee\/product\/box-for-desserts-26-15-4cm\/"},"modified":"2026-04-07T08:42:47","modified_gmt":"2026-04-07T06:42:47","slug":"desertu-kaste-26-15-4-cm","status":"publish","type":"product","link":"https:\/\/candeebaar.ee\/lv\/veikals\/desertu-kaste-26-15-4-cm\/","title":{"rendered":"Desertu kaste 26 15 4 cm"},"content":{"rendered":"<p>Kartona kaste, kas piem\u0113rota pipark\u016bk\u0101m, ekleriem un citiem neuzkr\u012bto\u0161iem izstr\u0101d\u0101jumiem.<br \/>\nIzm\u0113rs: 26 x 15 x 4 cm<br \/>\nMateri\u0101ls: kartons ar plastmasas logu<\/p>","protected":false},"excerpt":{"rendered":"<p>Kartona kaste, kas piem\u0113rota pipark\u016bk\u0101m, ekleriem un citiem neuzkr\u012bto\u0161iem izstr\u0101d\u0101jumiem. Izm\u0113rs: 26 x 15 x 4 cm. Materi\u0101ls: kartons ar plastmasas lodzi\u0146u.<\/p>","protected":false},"featured_media":5351,"template":"","meta":{"_seopress_robots_primary_cat":"","_seopress_titles_title":"","_seopress_titles_desc":"","_seopress_robots_index":""},"product_brand":[],"product_cat":[15,154,156],"product_tag":[],"class_list":{"0":"post-5349","1":"product","2":"type-product","3":"status-publish","4":"has-post-thumbnail","6":"product_cat-all-products","7":"product_cat-different-style","8":"product_cat-low-boxes","10":"first","11":"instock","12":"taxable","13":"shipping-taxable","14":"purchasable","15":"product-type-simple"},"_links":{"self":[{"href":"https:\/\/candeebaar.ee\/lv\/wp-json\/wp\/v2\/product\/5349","targetHints":{"allow":["GET"]}}],"collection":[{"href":"https:\/\/candeebaar.ee\/lv\/wp-json\/wp\/v2\/product"}],"about":[{"href":"https:\/\/candeebaar.ee\/lv\/wp-json\/wp\/v2\/types\/product"}],"version-history":[{"count":1,"href":"https:\/\/candeebaar.ee\/lv\/wp-json\/wp\/v2\/product\/5349\/revisions"}],"predecessor-version":[{"id":5350,"href":"https:\/\/candeebaar.ee\/lv\/wp-json\/wp\/v2\/product\/5349\/revisions\/5350"}],"wp:featuredmedia":[{"embeddable":true,"href":"https:\/\/candeebaar.ee\/lv\/wp-json\/wp\/v2\/media\/5351"}],"wp:attachment":[{"href":"https:\/\/candeebaar.ee\/lv\/wp-json\/wp\/v2\/media?parent=5349"}],"wp:term":[{"taxonomy":"product_brand","embeddable":true,"href":"https:\/\/candeebaar.ee\/lv\/wp-json\/wp\/v2\/product_brand?post=5349"},{"taxonomy":"product_cat","embeddable":true,"href":"https:\/\/candeebaar.ee\/lv\/wp-json\/wp\/v2\/product_cat?post=5349"},{"taxonomy":"product_tag","embeddable":true,"href":"https:\/\/candeebaar.ee\/lv\/wp-json\/wp\/v2\/product_tag?post=5349"}],"curies":[{"name":"wp","href":"https:\/\/api.w.org\/{rel}","templated":true}]}}