{"id":5358,"date":"2024-12-31T20:09:19","date_gmt":"2024-12-31T20:09:19","guid":{"rendered":"https:\/\/storetest.ivi.ee\/product\/apple-puree-1000g-naturens-skafferi\/"},"modified":"2026-04-07T17:22:17","modified_gmt":"2026-04-07T15:22:17","slug":"abolu-biezenis-1000g-naturens-skafferi","status":"publish","type":"product","link":"https:\/\/candeebaar.ee\/lv\/veikals\/abolu-biezenis-1000g-naturens-skafferi\/","title":{"rendered":"\u0100bolu biezenis 1000g Naturens Skafferi"},"content":{"rendered":"<p>Dab\u012bgs \u0101bolu biezenis. Lieliski piem\u0113rots putu k\u016bku, zef\u012bru, kr\u0113mu u.c. pagatavo\u0161anai.<br \/>\nMasa: 1000g<br \/>\nSast\u0101vs: \u0101bols<br \/>\nNesatur gar\u0161as piedevas, kr\u0101svielas vai konservantus.<br \/>\nUzglab\u0101t tum\u0161\u0101, v\u0113s\u0101 viet\u0101.<br \/>\nDer\u012bguma termi\u0146\u0161: skat\u012bt uz iepakojuma<br \/>\nRa\u017eot\u0101js: Naturens Skafferi Sweden<\/p>\n<p>&nbsp;<\/p>\n<p>&nbsp;<\/p>\n<p>&nbsp;<\/p>","protected":false},"excerpt":{"rendered":"<p>Dab\u012bgs \u0101bolu biezenis. Lieliski piem\u0113rots putu k\u016bku, zef\u012bru, kr\u0113mu uc pagatavo\u0161anai. Masa: 1000g Sast\u0101vs: \u0101bols Nesatur gar\u0161as piedevas, kr\u0101svielas vai konservantus. Uzglab\u0101t tum\u0161\u0101, v\u0113s\u0101 viet\u0101. Der\u012bguma termi\u0146\u0161: skat\u012bt uz iepakojuma Ra\u017eot\u0101js: Naturens Skafferi Sweden &nbsp; &nbsp; &nbsp;<\/p>","protected":false},"featured_media":5360,"template":"","meta":{"_seopress_robots_primary_cat":"none","_seopress_titles_title":"","_seopress_titles_desc":"","_seopress_robots_index":""},"product_brand":[],"product_cat":[15,99],"product_tag":[],"class_list":{"0":"post-5358","1":"product","2":"type-product","3":"status-publish","4":"has-post-thumbnail","6":"product_cat-all-products","7":"product_cat-fruit-purees","9":"first","10":"instock","11":"taxable","12":"shipping-taxable","13":"purchasable","14":"product-type-simple"},"_links":{"self":[{"href":"https:\/\/candeebaar.ee\/lv\/wp-json\/wp\/v2\/product\/5358","targetHints":{"allow":["GET"]}}],"collection":[{"href":"https:\/\/candeebaar.ee\/lv\/wp-json\/wp\/v2\/product"}],"about":[{"href":"https:\/\/candeebaar.ee\/lv\/wp-json\/wp\/v2\/types\/product"}],"version-history":[{"count":2,"href":"https:\/\/candeebaar.ee\/lv\/wp-json\/wp\/v2\/product\/5358\/revisions"}],"predecessor-version":[{"id":15490,"href":"https:\/\/candeebaar.ee\/lv\/wp-json\/wp\/v2\/product\/5358\/revisions\/15490"}],"wp:featuredmedia":[{"embeddable":true,"href":"https:\/\/candeebaar.ee\/lv\/wp-json\/wp\/v2\/media\/5360"}],"wp:attachment":[{"href":"https:\/\/candeebaar.ee\/lv\/wp-json\/wp\/v2\/media?parent=5358"}],"wp:term":[{"taxonomy":"product_brand","embeddable":true,"href":"https:\/\/candeebaar.ee\/lv\/wp-json\/wp\/v2\/product_brand?post=5358"},{"taxonomy":"product_cat","embeddable":true,"href":"https:\/\/candeebaar.ee\/lv\/wp-json\/wp\/v2\/product_cat?post=5358"},{"taxonomy":"product_tag","embeddable":true,"href":"https:\/\/candeebaar.ee\/lv\/wp-json\/wp\/v2\/product_tag?post=5358"}],"curies":[{"name":"wp","href":"https:\/\/api.w.org\/{rel}","templated":true}]}}