{"id":5364,"date":"2024-12-31T20:09:19","date_gmt":"2024-12-31T20:09:19","guid":{"rendered":"https:\/\/storetest.ivi.ee\/product\/box-for-desserts-with-corner-window-200-80-60mm\/"},"modified":"2026-04-02T11:07:18","modified_gmt":"2026-04-02T09:07:18","slug":"kaste-desertiem-ar-stura-logu-200-80-60mm","status":"publish","type":"product","link":"https:\/\/candeebaar.ee\/lv\/veikals\/kaste-desertiem-ar-stura-logu-200-80-60mm\/","title":{"rendered":"Kast\u012bte desertiem ar st\u016bra logu 200 80 60mm"},"content":{"rendered":"<p>Kaste no kartona ar st\u016bra logu.<br \/>\nKr\u0101sa: krafts<br \/>\nIzm\u0113rs: 200x80x60mm<\/p>","protected":false},"excerpt":{"rendered":"<p>Kaste no kartona ar st\u016bra logu. Kr\u0101sa: kraft Izm\u0113rs: 200x80x60mm<\/p>","protected":false},"featured_media":5366,"template":"","meta":{"_seopress_robots_primary_cat":"none","_seopress_titles_title":"","_seopress_titles_desc":"","_seopress_robots_index":""},"product_brand":[],"product_cat":[15,154,156,109],"product_tag":[],"class_list":{"0":"post-5364","1":"product","2":"type-product","3":"status-publish","4":"has-post-thumbnail","6":"product_cat-all-products","7":"product_cat-different-style","8":"product_cat-low-boxes","9":"product_cat-sale","11":"first","12":"instock","13":"sale","14":"taxable","15":"shipping-taxable","16":"purchasable","17":"product-type-simple"},"_links":{"self":[{"href":"https:\/\/candeebaar.ee\/lv\/wp-json\/wp\/v2\/product\/5364","targetHints":{"allow":["GET"]}}],"collection":[{"href":"https:\/\/candeebaar.ee\/lv\/wp-json\/wp\/v2\/product"}],"about":[{"href":"https:\/\/candeebaar.ee\/lv\/wp-json\/wp\/v2\/types\/product"}],"version-history":[{"count":1,"href":"https:\/\/candeebaar.ee\/lv\/wp-json\/wp\/v2\/product\/5364\/revisions"}],"predecessor-version":[{"id":5365,"href":"https:\/\/candeebaar.ee\/lv\/wp-json\/wp\/v2\/product\/5364\/revisions\/5365"}],"wp:featuredmedia":[{"embeddable":true,"href":"https:\/\/candeebaar.ee\/lv\/wp-json\/wp\/v2\/media\/5366"}],"wp:attachment":[{"href":"https:\/\/candeebaar.ee\/lv\/wp-json\/wp\/v2\/media?parent=5364"}],"wp:term":[{"taxonomy":"product_brand","embeddable":true,"href":"https:\/\/candeebaar.ee\/lv\/wp-json\/wp\/v2\/product_brand?post=5364"},{"taxonomy":"product_cat","embeddable":true,"href":"https:\/\/candeebaar.ee\/lv\/wp-json\/wp\/v2\/product_cat?post=5364"},{"taxonomy":"product_tag","embeddable":true,"href":"https:\/\/candeebaar.ee\/lv\/wp-json\/wp\/v2\/product_tag?post=5364"}],"curies":[{"name":"wp","href":"https:\/\/api.w.org\/{rel}","templated":true}]}}