{"id":5386,"date":"2024-12-31T20:09:36","date_gmt":"2024-12-31T20:09:36","guid":{"rendered":"https:\/\/storetest.ivi.ee\/product\/callebaut-paillete-feuillentine-100g\/"},"modified":"2026-04-02T11:34:00","modified_gmt":"2026-04-02T09:34:00","slug":"callebaut-paillete-feuillentine-100g","status":"publish","type":"product","link":"https:\/\/candeebaar.ee\/lv\/veikals\/callebaut-paillete-feuillentine-100g\/","title":{"rendered":"Callebaut Paillete Feuillentine 100g"},"content":{"rendered":"<p>Augstas kvalit\u0101tes vafe\u013cu drupatas.<br \/>\nMasa: 100g<br \/>\nSast\u0101vs: <strong>kvie\u0161i<\/strong> milti (39%), cukurs (42.5%), augu e\u013c\u013ca (saulespu\u0137u un rap\u0161u s\u0113klas), sauss <strong>kr\u0113ms<\/strong>, <strong>pienu<\/strong> cukurs, <strong>pienu<\/strong> olbaltumvielas, s\u0101li, <strong>iesals<\/strong> ekstrakts, E500ii, saulespu\u0137u lecit\u012bns, E306. Var satur\u0113t <strong>sojas<\/strong>.<br \/>\nSast\u0101vs uz 100 g:<br \/>\n453 kCal\/1,894 kJ<br \/>\nTauki (pies\u0101tin\u0101tie): 13g (3g)<br \/>\nOg\u013chidr\u0101ti (cukuri): 77g (44g)<br \/>\nOlbaltumvielas: 6g<br \/>\nS\u0101ls: 1 g<br \/>\nUzglab\u0101t tum\u0161\u0101 v\u0113s\u0101 viet\u0101.<br \/>\nRa\u017eot\u0101js: Barry Callebaut, Be\u013c\u0123ija<\/p>\n<p>&nbsp;<\/p>\n<p>&nbsp;<\/p>\n<p>&nbsp;<\/p>","protected":false},"excerpt":{"rendered":"<p>Augstas kvalit\u0101tes vafe\u013cu drupatas. Masa: 100g Sast\u0101vs: kvie\u0161u milti (39%), cukurs (42.5%), augu e\u013c\u013ca (saulespu\u0137u un rap\u0161u), sausais kr\u0113jums, piena cukurs, piena prote\u012bns, s\u0101ls, iesala ekstrakts, E500ii, saulespu\u0137u lecit\u012bns, E306. Var satur\u0113t soju. Saturs uz 100g: 453kCal\/1.894kJ Tauki (pies\u0101tin\u0101tie): 13g (3g) Og\u013chidr\u0101ti (cukuri): 77g (44g) Olbaltumvielas: 6g S\u0101ls: 1g Uzglab\u0101t tum\u0161\u0101, v\u0113s\u0101 viet\u0101. Ra\u017eot\u0101js: [\u2026]<\/p>","protected":false},"featured_media":5388,"template":"","meta":{"_seopress_robots_primary_cat":"none","_seopress_titles_title":"","_seopress_titles_desc":"","_seopress_robots_index":""},"product_brand":[],"product_cat":[15,110],"product_tag":[],"class_list":{"0":"post-5386","1":"product","2":"type-product","3":"status-publish","4":"has-post-thumbnail","6":"product_cat-all-products","7":"product_cat-callebaut","8":"brand-callebaut","10":"first","11":"instock","12":"taxable","13":"shipping-taxable","14":"purchasable","15":"product-type-simple"},"_links":{"self":[{"href":"https:\/\/candeebaar.ee\/lv\/wp-json\/wp\/v2\/product\/5386","targetHints":{"allow":["GET"]}}],"collection":[{"href":"https:\/\/candeebaar.ee\/lv\/wp-json\/wp\/v2\/product"}],"about":[{"href":"https:\/\/candeebaar.ee\/lv\/wp-json\/wp\/v2\/types\/product"}],"version-history":[{"count":2,"href":"https:\/\/candeebaar.ee\/lv\/wp-json\/wp\/v2\/product\/5386\/revisions"}],"predecessor-version":[{"id":10543,"href":"https:\/\/candeebaar.ee\/lv\/wp-json\/wp\/v2\/product\/5386\/revisions\/10543"}],"wp:featuredmedia":[{"embeddable":true,"href":"https:\/\/candeebaar.ee\/lv\/wp-json\/wp\/v2\/media\/5388"}],"wp:attachment":[{"href":"https:\/\/candeebaar.ee\/lv\/wp-json\/wp\/v2\/media?parent=5386"}],"wp:term":[{"taxonomy":"product_brand","embeddable":true,"href":"https:\/\/candeebaar.ee\/lv\/wp-json\/wp\/v2\/product_brand?post=5386"},{"taxonomy":"product_cat","embeddable":true,"href":"https:\/\/candeebaar.ee\/lv\/wp-json\/wp\/v2\/product_cat?post=5386"},{"taxonomy":"product_tag","embeddable":true,"href":"https:\/\/candeebaar.ee\/lv\/wp-json\/wp\/v2\/product_tag?post=5386"}],"curies":[{"name":"wp","href":"https:\/\/api.w.org\/{rel}","templated":true}]}}