{"id":5389,"date":"2024-12-31T20:09:36","date_gmt":"2024-12-31T20:09:36","guid":{"rendered":"https:\/\/storetest.ivi.ee\/product\/white-satin-ribbon-10mm-23m\/"},"modified":"2026-02-09T21:26:53","modified_gmt":"2026-02-09T19:26:53","slug":"balta-satina-lente-10-mm-23-m","status":"publish","type":"product","link":"https:\/\/candeebaar.ee\/lv\/veikals\/balta-satina-lente-10-mm-23-m\/","title":{"rendered":"Balta sat\u012bna lente 10mm (23m)"},"content":{"rendered":"<p>Sat\u012bna lente ir lieliski piem\u0113rota d\u0101vanu iesai\u0146o\u0161anai.<br \/>\nKr\u0101sa: balta<br \/>\nPlatums: 10mm<br \/>\nGarums: 23m<\/p>","protected":false},"excerpt":{"rendered":"<p>Sat\u012bna lente ir lieliski piem\u0113rota d\u0101vanu iesai\u0146o\u0161anai. Kr\u0101sa: balta Platums: 10mm Garums: 23m<\/p>","protected":false},"featured_media":5391,"template":"","meta":{"_seopress_robots_primary_cat":"none","_seopress_titles_title":"","_seopress_titles_desc":"","_seopress_robots_index":""},"product_brand":[],"product_cat":[180,15,91],"product_tag":[],"class_list":{"0":"post-5389","1":"product","2":"type-product","3":"status-publish","4":"has-post-thumbnail","6":"product_cat-wedding-products","7":"product_cat-all-products","8":"product_cat-satin-ribbons","10":"first","11":"instock","12":"taxable","13":"shipping-taxable","14":"purchasable","15":"product-type-simple"},"_links":{"self":[{"href":"https:\/\/candeebaar.ee\/lv\/wp-json\/wp\/v2\/product\/5389","targetHints":{"allow":["GET"]}}],"collection":[{"href":"https:\/\/candeebaar.ee\/lv\/wp-json\/wp\/v2\/product"}],"about":[{"href":"https:\/\/candeebaar.ee\/lv\/wp-json\/wp\/v2\/types\/product"}],"version-history":[{"count":1,"href":"https:\/\/candeebaar.ee\/lv\/wp-json\/wp\/v2\/product\/5389\/revisions"}],"predecessor-version":[{"id":5390,"href":"https:\/\/candeebaar.ee\/lv\/wp-json\/wp\/v2\/product\/5389\/revisions\/5390"}],"wp:featuredmedia":[{"embeddable":true,"href":"https:\/\/candeebaar.ee\/lv\/wp-json\/wp\/v2\/media\/5391"}],"wp:attachment":[{"href":"https:\/\/candeebaar.ee\/lv\/wp-json\/wp\/v2\/media?parent=5389"}],"wp:term":[{"taxonomy":"product_brand","embeddable":true,"href":"https:\/\/candeebaar.ee\/lv\/wp-json\/wp\/v2\/product_brand?post=5389"},{"taxonomy":"product_cat","embeddable":true,"href":"https:\/\/candeebaar.ee\/lv\/wp-json\/wp\/v2\/product_cat?post=5389"},{"taxonomy":"product_tag","embeddable":true,"href":"https:\/\/candeebaar.ee\/lv\/wp-json\/wp\/v2\/product_tag?post=5389"}],"curies":[{"name":"wp","href":"https:\/\/api.w.org\/{rel}","templated":true}]}}