{"id":5392,"date":"2024-12-31T20:09:36","date_gmt":"2024-12-31T20:09:36","guid":{"rendered":"https:\/\/storetest.ivi.ee\/product\/cocoa-butter-cacao-mill-200g\/"},"modified":"2025-04-27T23:10:31","modified_gmt":"2025-04-27T21:10:31","slug":"kakao-sviests-kakao-dzirnavinas-200g","status":"publish","type":"product","link":"https:\/\/candeebaar.ee\/lv\/veikals\/kakao-sviests-kakao-dzirnavinas-200g\/","title":{"rendered":"Kakao sviests Cacao Mill 200g"},"content":{"rendered":"<p>Kakao sviests, sasmalcin\u0101ts, bez smar\u017eas.<br \/>\n Iepakojums: 200g (+-5g)<br \/>\n 100g satur:<br \/>\n Tauki: 99,8 g<br \/>\n Olbaltumvielas: 0g<br \/>\n Og\u013chidr\u0101ti: 0g<br \/>\n S\u0101ls: 0 g<br \/>\n Cukurs: 0 g<br \/>\n Uzturv\u0113rt\u012bba:<br \/>\n 3692,6 kJ\/898,2 kcal<br \/>\n Ra\u017eot\u0101js: Natra Cacao Sp\u0101nija<br \/>\n Uzglab\u0101t 16-18\u00b0C temperat\u016br\u0101 saus\u0101 un tum\u0161\u0101 viet\u0101.<\/p>\n<p> &nbsp;<\/p>","protected":false},"excerpt":{"rendered":"<p>Kakao sviests, sasmalcin\u0101ts, bez smar\u017eas. Iepakojums: 200g (+-5g) 100g satur: Tauki: 99.8g Olbaltumvielas: 0g Og\u013chidr\u0101ti: 0g S\u0101ls: 0g Cukurs: 0g Uzturv\u0113rt\u012bba: 3692.6 kJ\/898.2 kcal Ra\u017eot\u0101js: Natra Temperat\u016br\u0101 kakao 8\u00b0C Sp\u0101nij\u0101 16 saus\u0101 un tum\u0161\u0101 viet\u0101. &nbsp;<\/p>","protected":false},"featured_media":5394,"template":"","meta":{"_seopress_robots_primary_cat":"","_seopress_titles_title":"","_seopress_titles_desc":"","_seopress_robots_index":""},"product_brand":[],"product_cat":[15,111,110],"product_tag":[],"class_list":{"0":"post-5392","1":"product","2":"type-product","3":"status-publish","4":"has-post-thumbnail","6":"product_cat-all-products","7":"product_cat-cacao-mill","8":"product_cat-callebaut","9":"brand-callebaut","11":"first","12":"outofstock","13":"taxable","14":"shipping-taxable","15":"purchasable","16":"product-type-simple"},"_links":{"self":[{"href":"https:\/\/candeebaar.ee\/lv\/wp-json\/wp\/v2\/product\/5392","targetHints":{"allow":["GET"]}}],"collection":[{"href":"https:\/\/candeebaar.ee\/lv\/wp-json\/wp\/v2\/product"}],"about":[{"href":"https:\/\/candeebaar.ee\/lv\/wp-json\/wp\/v2\/types\/product"}],"version-history":[{"count":1,"href":"https:\/\/candeebaar.ee\/lv\/wp-json\/wp\/v2\/product\/5392\/revisions"}],"predecessor-version":[{"id":5393,"href":"https:\/\/candeebaar.ee\/lv\/wp-json\/wp\/v2\/product\/5392\/revisions\/5393"}],"wp:featuredmedia":[{"embeddable":true,"href":"https:\/\/candeebaar.ee\/lv\/wp-json\/wp\/v2\/media\/5394"}],"wp:attachment":[{"href":"https:\/\/candeebaar.ee\/lv\/wp-json\/wp\/v2\/media?parent=5392"}],"wp:term":[{"taxonomy":"product_brand","embeddable":true,"href":"https:\/\/candeebaar.ee\/lv\/wp-json\/wp\/v2\/product_brand?post=5392"},{"taxonomy":"product_cat","embeddable":true,"href":"https:\/\/candeebaar.ee\/lv\/wp-json\/wp\/v2\/product_cat?post=5392"},{"taxonomy":"product_tag","embeddable":true,"href":"https:\/\/candeebaar.ee\/lv\/wp-json\/wp\/v2\/product_tag?post=5392"}],"curies":[{"name":"wp","href":"https:\/\/api.w.org\/{rel}","templated":true}]}}