{"id":5413,"date":"2024-12-31T20:09:36","date_gmt":"2024-12-31T20:09:36","guid":{"rendered":"https:\/\/storetest.ivi.ee\/product\/silicone-mold-teddy-bear\/"},"modified":"2025-05-20T10:05:46","modified_gmt":"2025-05-20T08:05:46","slug":"silikona-veidnes-rotalu-lacitis","status":"publish","type":"product","link":"https:\/\/candeebaar.ee\/lv\/veikals\/silikona-veidnes-rotalu-lacitis\/","title":{"rendered":"Silikona veidne Teddy Bear"},"content":{"rendered":"<p>Silikona veidne formu veido\u0161anai no \u0161okol\u0101des, fondanta u.c.<br \/>\nLieto\u0161anas temperat\u016bra: -40\u00b0 l\u012bdz 230\u00b0C<br \/>\nMateri\u0101ls: p\u0101rtikas silikons<br \/>\nIzm\u0113rs: 6x6 cm<\/p>","protected":false},"excerpt":{"rendered":"<p>Silikona veidne formu veido\u0161anai no \u0161okol\u0101des, fondanta u.\u00a0c. Lieto\u0161anas temperat\u016bra: no -40\u00b0 l\u012bdz 230\u00b0C Materi\u0101ls: p\u0101rtikas silikons Izm\u0113rs: 6\u00a0x\u00a06\u00a0cm<\/p>","protected":false},"featured_media":5415,"template":"","meta":{"_seopress_robots_primary_cat":"none","_seopress_titles_title":"","_seopress_titles_desc":"","_seopress_robots_index":""},"product_brand":[],"product_cat":[15,82],"product_tag":[],"class_list":{"0":"post-5413","1":"product","2":"type-product","3":"status-publish","4":"has-post-thumbnail","6":"product_cat-all-products","7":"product_cat-chocolate-molds","9":"first","10":"instock","11":"taxable","12":"shipping-taxable","13":"purchasable","14":"product-type-simple"},"_links":{"self":[{"href":"https:\/\/candeebaar.ee\/lv\/wp-json\/wp\/v2\/product\/5413","targetHints":{"allow":["GET"]}}],"collection":[{"href":"https:\/\/candeebaar.ee\/lv\/wp-json\/wp\/v2\/product"}],"about":[{"href":"https:\/\/candeebaar.ee\/lv\/wp-json\/wp\/v2\/types\/product"}],"version-history":[{"count":1,"href":"https:\/\/candeebaar.ee\/lv\/wp-json\/wp\/v2\/product\/5413\/revisions"}],"predecessor-version":[{"id":5414,"href":"https:\/\/candeebaar.ee\/lv\/wp-json\/wp\/v2\/product\/5413\/revisions\/5414"}],"wp:featuredmedia":[{"embeddable":true,"href":"https:\/\/candeebaar.ee\/lv\/wp-json\/wp\/v2\/media\/5415"}],"wp:attachment":[{"href":"https:\/\/candeebaar.ee\/lv\/wp-json\/wp\/v2\/media?parent=5413"}],"wp:term":[{"taxonomy":"product_brand","embeddable":true,"href":"https:\/\/candeebaar.ee\/lv\/wp-json\/wp\/v2\/product_brand?post=5413"},{"taxonomy":"product_cat","embeddable":true,"href":"https:\/\/candeebaar.ee\/lv\/wp-json\/wp\/v2\/product_cat?post=5413"},{"taxonomy":"product_tag","embeddable":true,"href":"https:\/\/candeebaar.ee\/lv\/wp-json\/wp\/v2\/product_tag?post=5413"}],"curies":[{"name":"wp","href":"https:\/\/api.w.org\/{rel}","templated":true}]}}