{"id":5427,"date":"2024-12-31T20:09:36","date_gmt":"2024-12-31T20:09:36","guid":{"rendered":"https:\/\/storetest.ivi.ee\/product\/rose-nozzle-2cm\/"},"modified":"2026-04-07T17:00:46","modified_gmt":"2026-04-07T15:00:46","slug":"rozu-uzgalis-2cm","status":"publish","type":"product","link":"https:\/\/candeebaar.ee\/lv\/veikals\/rozu-uzgalis-2cm\/","title":{"rendered":"Ro\u017eu uzgalis 2cm"},"content":{"rendered":"<p>Konditorejas uzgalis izgatavots no ner\u016bs\u0113jo\u0161\u0101 t\u0113rauda.<br \/>\nIzm\u0113rs: 42x37mm<\/p>","protected":false},"excerpt":{"rendered":"<p>Konditorejas uzgalis izgatavots no ner\u016bs\u0113jo\u0161\u0101 t\u0113rauda. Izm\u0113rs: 42x37mm<\/p>","protected":false},"featured_media":10953,"template":"","meta":{"_seopress_robots_primary_cat":"none","_seopress_titles_title":"","_seopress_titles_desc":"","_seopress_robots_index":""},"product_brand":[],"product_cat":[15,122,109],"product_tag":[],"class_list":{"0":"post-5427","1":"product","2":"type-product","3":"status-publish","4":"has-post-thumbnail","6":"product_cat-all-products","7":"product_cat-miscellaneous","8":"product_cat-sale","10":"first","11":"instock","12":"sale","13":"taxable","14":"shipping-taxable","15":"purchasable","16":"product-type-simple"},"_links":{"self":[{"href":"https:\/\/candeebaar.ee\/lv\/wp-json\/wp\/v2\/product\/5427","targetHints":{"allow":["GET"]}}],"collection":[{"href":"https:\/\/candeebaar.ee\/lv\/wp-json\/wp\/v2\/product"}],"about":[{"href":"https:\/\/candeebaar.ee\/lv\/wp-json\/wp\/v2\/types\/product"}],"version-history":[{"count":2,"href":"https:\/\/candeebaar.ee\/lv\/wp-json\/wp\/v2\/product\/5427\/revisions"}],"predecessor-version":[{"id":10954,"href":"https:\/\/candeebaar.ee\/lv\/wp-json\/wp\/v2\/product\/5427\/revisions\/10954"}],"wp:featuredmedia":[{"embeddable":true,"href":"https:\/\/candeebaar.ee\/lv\/wp-json\/wp\/v2\/media\/10953"}],"wp:attachment":[{"href":"https:\/\/candeebaar.ee\/lv\/wp-json\/wp\/v2\/media?parent=5427"}],"wp:term":[{"taxonomy":"product_brand","embeddable":true,"href":"https:\/\/candeebaar.ee\/lv\/wp-json\/wp\/v2\/product_brand?post=5427"},{"taxonomy":"product_cat","embeddable":true,"href":"https:\/\/candeebaar.ee\/lv\/wp-json\/wp\/v2\/product_cat?post=5427"},{"taxonomy":"product_tag","embeddable":true,"href":"https:\/\/candeebaar.ee\/lv\/wp-json\/wp\/v2\/product_tag?post=5427"}],"curies":[{"name":"wp","href":"https:\/\/api.w.org\/{rel}","templated":true}]}}