{"id":5439,"date":"2024-12-31T20:09:53","date_gmt":"2024-12-31T20:09:53","guid":{"rendered":"https:\/\/storetest.ivi.ee\/product\/weaving-nozzle-20mm\/"},"modified":"2024-12-31T20:09:53","modified_gmt":"2024-12-31T20:09:53","slug":"ausanas-uzgalis-20mm","status":"publish","type":"product","link":"https:\/\/candeebaar.ee\/lv\/veikals\/ausanas-uzgalis-20mm\/","title":{"rendered":"Au\u0161anas uzgalis 20mm"},"content":{"rendered":"<p>Ner\u016bs\u0113jo\u0161\u0101 t\u0113rauda konditorejas uzgalis.<br \/>\nIzm\u0113rs: 30x45mm<br \/>\nIzeja: 20 mm<\/p>","protected":false},"excerpt":{"rendered":"<p>Ner\u016bs\u0113jo\u0161\u0101 t\u0113rauda konditorejas uzgalis. Izm\u0113rs: 30x45mm Izeja: 20mm<\/p>","protected":false},"featured_media":5430,"template":"","meta":{"_seopress_robots_primary_cat":"","_seopress_titles_title":"","_seopress_titles_desc":"","_seopress_robots_index":""},"product_brand":[],"product_cat":[15],"product_tag":[],"class_list":{"0":"post-5439","1":"product","2":"type-product","3":"status-publish","4":"has-post-thumbnail","6":"product_cat-all-products","8":"first","9":"instock","10":"taxable","11":"shipping-taxable","12":"purchasable","13":"product-type-simple"},"_links":{"self":[{"href":"https:\/\/candeebaar.ee\/lv\/wp-json\/wp\/v2\/product\/5439","targetHints":{"allow":["GET"]}}],"collection":[{"href":"https:\/\/candeebaar.ee\/lv\/wp-json\/wp\/v2\/product"}],"about":[{"href":"https:\/\/candeebaar.ee\/lv\/wp-json\/wp\/v2\/types\/product"}],"version-history":[{"count":1,"href":"https:\/\/candeebaar.ee\/lv\/wp-json\/wp\/v2\/product\/5439\/revisions"}],"predecessor-version":[{"id":5440,"href":"https:\/\/candeebaar.ee\/lv\/wp-json\/wp\/v2\/product\/5439\/revisions\/5440"}],"wp:featuredmedia":[{"embeddable":true,"href":"https:\/\/candeebaar.ee\/lv\/wp-json\/wp\/v2\/media\/5430"}],"wp:attachment":[{"href":"https:\/\/candeebaar.ee\/lv\/wp-json\/wp\/v2\/media?parent=5439"}],"wp:term":[{"taxonomy":"product_brand","embeddable":true,"href":"https:\/\/candeebaar.ee\/lv\/wp-json\/wp\/v2\/product_brand?post=5439"},{"taxonomy":"product_cat","embeddable":true,"href":"https:\/\/candeebaar.ee\/lv\/wp-json\/wp\/v2\/product_cat?post=5439"},{"taxonomy":"product_tag","embeddable":true,"href":"https:\/\/candeebaar.ee\/lv\/wp-json\/wp\/v2\/product_tag?post=5439"}],"curies":[{"name":"wp","href":"https:\/\/api.w.org\/{rel}","templated":true}]}}